{"id":9484,"date":"2024-04-30T10:51:57","date_gmt":"2024-04-30T10:51:57","guid":{"rendered":"https:\/\/dev.steam.eus\/?page_id=9484"},"modified":"2024-07-09T09:19:54","modified_gmt":"2024-07-09T09:19:54","slug":"orientacion-profesional","status":"publish","type":"page","link":"https:\/\/dev.steam.eus\/es\/orientacion-profesional\/","title":{"rendered":"Orientaci\u00f3n Profesional"},"content":{"rendered":"<section class=\"l-section wpb_row height_large color_primary\"><div class=\"l-section-overlay\" style=\"background:rgba(0,0,0,0.45)\"><\/div><div class=\"l-section-h i-cf\"><div class=\"g-cols via_flex valign_middle type_default\"><div class=\"vc_col-sm-12 wpb_column vc_column_container\"><div class=\"vc_column-inner\"><div class=\"wpb_wrapper\"><h1 class=\"w-post-elm post_title align_center entry-title color_link_inherit\">Orientaci\u00f3n Profesional<\/h1><\/div><\/div><\/div><\/div><\/div><\/section><section class=\"l-section wpb_row height_small\"><div class=\"l-section-h i-cf\"><div class=\"g-cols via_flex valign_top type_default\"><div class=\"vc_col-sm-12 wpb_column vc_column_container\"><div class=\"vc_column-inner\"><div class=\"wpb_wrapper\"><div class=\"wpb_text_column us_custom_4340e7cf\"><div class=\"wpb_wrapper\"><p>En el marco de la estrategia de educaci\u00f3n STEAM Euskadi, se ofrecen diferentes iniciativas de orientaci\u00f3n profesional STEM, que tiene como objetivos:<\/p>\n<ul>\n<li>Ayudar al alumnado de la ESO en su elecci\u00f3n formativa y profesional, mostrando la diversidad de las profesiones STEM a trav\u00e9s del contacto directo con profesionales.<\/li>\n<li>Inspirar vocaciones y aspiraciones profesionales en los \u00e1mbitos STEM, con especial atenci\u00f3n a las chicas.<\/li>\n<li>Facilitar la labor de orientaci\u00f3n profesional a los centros educativos vascos.<\/li>\n<\/ul>\n<\/div><\/div><\/div><\/div><\/div><\/div><\/div><\/section><section class=\"l-section wpb_row height_small\"><div class=\"l-section-h i-cf\"><div class=\"g-cols via_flex valign_top type_default\"><div class=\"vc_col-sm-12 wpb_column vc_column_container\"><div class=\"vc_column-inner\"><div class=\"wpb_wrapper\"><div class=\"g-cols wpb_row via_flex valign_top type_default\"><div class=\"vc_col-sm-6 wpb_column vc_column_container\"><div class=\"vc_column-inner\"><div class=\"wpb_wrapper\"><div class=\"w-ibanner banner4 animation_phorcys ratio_3x2 easing_ease\"><div class=\"w-ibanner-h\"><div class=\"w-ibanner-image\" style=\"background-image: url(https:\/\/dev.steam.eus\/wp-content\/uploads\/banners-orientacion2.jpg)\"><\/div><div class=\"w-ibanner-content\"><div class=\"w-ibanner-content-h\"><h3 class=\"w-ibanner-title\">Jornadas de orientaci\u00f3n profesional<\/h3><div class=\"w-ibanner-desc\"><\/div><\/div><\/div><\/div><a title=\"Jornadas de orientaci\u00f3n profesional\" target=\"_blank\" href=\"https:\/\/steam.eus\/es\/orientacion-profesional\/jornadas-de-orientacion-profesional\/\" rel=\"noopener\" aria-label=\"Jornadas de orientaci\u00f3n profesional\"><\/a><\/div><\/div><\/div><\/div><div class=\"vc_col-sm-6 wpb_column vc_column_container\"><div class=\"vc_column-inner\"><div class=\"wpb_wrapper\"><div class=\"w-ibanner banner4 animation_phorcys ratio_3x2 easing_ease\"><div class=\"w-ibanner-h\"><div class=\"w-ibanner-image\" style=\"background-image: url(https:\/\/dev.steam.eus\/wp-content\/uploads\/banners-orientacion3.jpg)\"><\/div><div class=\"w-ibanner-content\"><div class=\"w-ibanner-content-h\"><h3 class=\"w-ibanner-title\">Programa ETORKIZUNA ARGITZEN<\/h3><div class=\"w-ibanner-desc\"><\/div><\/div><\/div><\/div><a title=\"Programa ETORKIZUNA ARGITZEN\" target=\"_blank\" href=\"https:\/\/steam.eus\/es\/programa-orientacion-profesional-stem\/programa-etorkizuna-argitzen\/\" rel=\"noopener\" aria-label=\"Programa ETORKIZUNA ARGITZEN\"><\/a><\/div><\/div><\/div><\/div><\/div><\/div><\/div><\/div><\/div><\/div><\/section>\n","protected":false},"excerpt":{"rendered":"Orientaci\u00f3n ProfesionalEn el marco de la estrategia de educaci\u00f3n STEAM Euskadi, se ofrecen diferentes iniciativas de orientaci\u00f3n profesional STEM, que tiene como objetivos: Ayudar al alumnado de la ESO en su elecci\u00f3n formativa y profesional, mostrando la diversidad de las profesiones STEM a trav\u00e9s del contacto directo con profesionales. Inspirar vocaciones y aspiraciones profesionales en...","protected":false},"author":1,"featured_media":9800,"parent":0,"menu_order":5,"comment_status":"closed","ping_status":"closed","template":"","meta":{"_acf_changed":false,"footnotes":""},"class_list":["post-9484","page","type-page","status-publish","has-post-thumbnail","hentry"],"acf":[],"yoast_head":"<!-- This site is optimized with the Yoast SEO plugin v24.9 - https:\/\/yoast.com\/wordpress\/plugins\/seo\/ -->\n<title>Orientaci\u00f3n Profesional - Steam Euskadi<\/title>\n<meta name=\"robots\" content=\"index, follow, max-snippet:-1, max-image-preview:large, max-video-preview:-1\" \/>\n<link rel=\"canonical\" href=\"https:\/\/dev.steam.eus\/es\/orientacion-profesional\/\" \/>\n<meta property=\"og:locale\" content=\"es_ES\" \/>\n<meta property=\"og:type\" content=\"article\" \/>\n<meta property=\"og:title\" content=\"Orientaci\u00f3n Profesional - Steam Euskadi\" \/>\n<meta property=\"og:url\" content=\"https:\/\/dev.steam.eus\/es\/orientacion-profesional\/\" \/>\n<meta property=\"og:site_name\" content=\"Steam Euskadi\" \/>\n<meta property=\"article:modified_time\" content=\"2024-07-09T09:19:54+00:00\" \/>\n<meta property=\"og:image\" content=\"https:\/\/dev.steam.eus\/wp-content\/uploads\/cabeceras-orientacion.jpg\" \/>\n\t<meta property=\"og:image:width\" content=\"1850\" \/>\n\t<meta property=\"og:image:height\" content=\"650\" \/>\n\t<meta property=\"og:image:type\" content=\"image\/jpeg\" \/>\n<meta name=\"twitter:card\" content=\"summary_large_image\" \/>\n<meta name=\"twitter:label1\" content=\"Tiempo de lectura\" \/>\n\t<meta name=\"twitter:data1\" content=\"1 minuto\" \/>\n<script type=\"application\/ld+json\" class=\"yoast-schema-graph\">{\"@context\":\"https:\/\/schema.org\",\"@graph\":[{\"@type\":\"WebPage\",\"@id\":\"https:\/\/dev.steam.eus\/es\/orientacion-profesional\/\",\"url\":\"https:\/\/dev.steam.eus\/es\/orientacion-profesional\/\",\"name\":\"Orientaci\u00f3n Profesional - Steam Euskadi\",\"isPartOf\":{\"@id\":\"https:\/\/dev.steam.eus\/es\/#website\"},\"primaryImageOfPage\":{\"@id\":\"https:\/\/dev.steam.eus\/es\/orientacion-profesional\/#primaryimage\"},\"image\":{\"@id\":\"https:\/\/dev.steam.eus\/es\/orientacion-profesional\/#primaryimage\"},\"thumbnailUrl\":\"https:\/\/dev.steam.eus\/wp-content\/uploads\/cabeceras-orientacion.jpg\",\"datePublished\":\"2024-04-30T10:51:57+00:00\",\"dateModified\":\"2024-07-09T09:19:54+00:00\",\"inLanguage\":\"es\",\"potentialAction\":[{\"@type\":\"ReadAction\",\"target\":[\"https:\/\/dev.steam.eus\/es\/orientacion-profesional\/\"]}]},{\"@type\":\"ImageObject\",\"inLanguage\":\"es\",\"@id\":\"https:\/\/dev.steam.eus\/es\/orientacion-profesional\/#primaryimage\",\"url\":\"https:\/\/dev.steam.eus\/wp-content\/uploads\/cabeceras-orientacion.jpg\",\"contentUrl\":\"https:\/\/dev.steam.eus\/wp-content\/uploads\/cabeceras-orientacion.jpg\",\"width\":1850,\"height\":650},{\"@type\":\"WebSite\",\"@id\":\"https:\/\/dev.steam.eus\/es\/#website\",\"url\":\"https:\/\/dev.steam.eus\/es\/\",\"name\":\"Steam Euskadi\",\"description\":\"\",\"potentialAction\":[{\"@type\":\"SearchAction\",\"target\":{\"@type\":\"EntryPoint\",\"urlTemplate\":\"https:\/\/dev.steam.eus\/es\/?s={search_term_string}\"},\"query-input\":{\"@type\":\"PropertyValueSpecification\",\"valueRequired\":true,\"valueName\":\"search_term_string\"}}],\"inLanguage\":\"es\"}]}<\/script>\n<!-- \/ Yoast SEO plugin. -->","yoast_head_json":{"title":"Orientaci\u00f3n Profesional - Steam Euskadi","robots":{"index":"index","follow":"follow","max-snippet":"max-snippet:-1","max-image-preview":"max-image-preview:large","max-video-preview":"max-video-preview:-1"},"canonical":"https:\/\/dev.steam.eus\/es\/orientacion-profesional\/","og_locale":"es_ES","og_type":"article","og_title":"Orientaci\u00f3n Profesional - Steam Euskadi","og_url":"https:\/\/dev.steam.eus\/es\/orientacion-profesional\/","og_site_name":"Steam Euskadi","article_modified_time":"2024-07-09T09:19:54+00:00","og_image":[{"width":1850,"height":650,"url":"https:\/\/dev.steam.eus\/wp-content\/uploads\/cabeceras-orientacion.jpg","type":"image\/jpeg"}],"twitter_card":"summary_large_image","twitter_misc":{"Tiempo de lectura":"1 minuto"},"schema":{"@context":"https:\/\/schema.org","@graph":[{"@type":"WebPage","@id":"https:\/\/dev.steam.eus\/es\/orientacion-profesional\/","url":"https:\/\/dev.steam.eus\/es\/orientacion-profesional\/","name":"Orientaci\u00f3n Profesional - Steam Euskadi","isPartOf":{"@id":"https:\/\/dev.steam.eus\/es\/#website"},"primaryImageOfPage":{"@id":"https:\/\/dev.steam.eus\/es\/orientacion-profesional\/#primaryimage"},"image":{"@id":"https:\/\/dev.steam.eus\/es\/orientacion-profesional\/#primaryimage"},"thumbnailUrl":"https:\/\/dev.steam.eus\/wp-content\/uploads\/cabeceras-orientacion.jpg","datePublished":"2024-04-30T10:51:57+00:00","dateModified":"2024-07-09T09:19:54+00:00","inLanguage":"es","potentialAction":[{"@type":"ReadAction","target":["https:\/\/dev.steam.eus\/es\/orientacion-profesional\/"]}]},{"@type":"ImageObject","inLanguage":"es","@id":"https:\/\/dev.steam.eus\/es\/orientacion-profesional\/#primaryimage","url":"https:\/\/dev.steam.eus\/wp-content\/uploads\/cabeceras-orientacion.jpg","contentUrl":"https:\/\/dev.steam.eus\/wp-content\/uploads\/cabeceras-orientacion.jpg","width":1850,"height":650},{"@type":"WebSite","@id":"https:\/\/dev.steam.eus\/es\/#website","url":"https:\/\/dev.steam.eus\/es\/","name":"Steam Euskadi","description":"","potentialAction":[{"@type":"SearchAction","target":{"@type":"EntryPoint","urlTemplate":"https:\/\/dev.steam.eus\/es\/?s={search_term_string}"},"query-input":{"@type":"PropertyValueSpecification","valueRequired":true,"valueName":"search_term_string"}}],"inLanguage":"es"}]}},"_links":{"self":[{"href":"https:\/\/dev.steam.eus\/es\/wp-json\/wp\/v2\/pages\/9484","targetHints":{"allow":["GET"]}}],"collection":[{"href":"https:\/\/dev.steam.eus\/es\/wp-json\/wp\/v2\/pages"}],"about":[{"href":"https:\/\/dev.steam.eus\/es\/wp-json\/wp\/v2\/types\/page"}],"author":[{"embeddable":true,"href":"https:\/\/dev.steam.eus\/es\/wp-json\/wp\/v2\/users\/1"}],"replies":[{"embeddable":true,"href":"https:\/\/dev.steam.eus\/es\/wp-json\/wp\/v2\/comments?post=9484"}],"version-history":[{"count":13,"href":"https:\/\/dev.steam.eus\/es\/wp-json\/wp\/v2\/pages\/9484\/revisions"}],"predecessor-version":[{"id":10377,"href":"https:\/\/dev.steam.eus\/es\/wp-json\/wp\/v2\/pages\/9484\/revisions\/10377"}],"wp:featuredmedia":[{"embeddable":true,"href":"https:\/\/dev.steam.eus\/es\/wp-json\/wp\/v2\/media\/9800"}],"wp:attachment":[{"href":"https:\/\/dev.steam.eus\/es\/wp-json\/wp\/v2\/media?parent=9484"}],"curies":[{"name":"wp","href":"https:\/\/api.w.org\/{rel}","templated":true}]}}