{"id":9388,"date":"2024-04-29T14:50:39","date_gmt":"2024-04-29T14:50:39","guid":{"rendered":"https:\/\/dev.steam.eus\/?page_id=9388"},"modified":"2024-05-22T15:12:27","modified_gmt":"2024-05-22T15:12:27","slug":"premios","status":"publish","type":"page","link":"https:\/\/dev.steam.eus\/es\/premios\/","title":{"rendered":"Premios"},"content":{"rendered":"<section class=\"l-section wpb_row height_large color_primary\"><div class=\"l-section-overlay\" style=\"background:rgba(0,0,0,0.45)\"><\/div><div class=\"l-section-h i-cf\"><div class=\"g-cols via_flex valign_middle type_default\"><div class=\"vc_col-sm-12 wpb_column vc_column_container\"><div class=\"vc_column-inner\"><div class=\"wpb_wrapper\"><h1 class=\"w-post-elm post_title align_center entry-title color_link_inherit\">Premios<\/h1><\/div><\/div><\/div><\/div><\/div><\/section><section class=\"l-section wpb_row height_small\"><div class=\"l-section-h i-cf\"><div class=\"g-cols via_flex valign_top type_default\"><div class=\"vc_col-sm-12 wpb_column vc_column_container\"><div class=\"vc_column-inner\"><div class=\"wpb_wrapper\"><div class=\"wpb_text_column us_custom_4340e7cf\"><div class=\"wpb_wrapper\"><h2>STEAM Euskadi SARIAK y STEAM Euskadi Topaketak<b><br>\n<\/b><\/h2>\n<p>Los premios\u00a0<b>STEAM Euskadi SARIAK<\/b>\u00a0buscan identificar las iniciativas de\u00a0<b>educaci\u00f3n STEAM<\/b>\u00a0que se est\u00e1n desarrollando en Euskadi y reconocer aquellas con marcado car\u00e1cter STEAM, innovadoras y que est\u00e9n especialmente dirigidas a las ni\u00f1as, j\u00f3venes y mujeres.<\/p>\n<p>Cada a\u00f1o, las iniciativas ganadoras en cada una de las tres categor\u00edas de los premios, se dan a conocer a trav\u00e9s del ciclo de webinars denominado <b>STEAM Euskadi <\/b><b>Topaketak<\/b><\/p>\n<\/div><\/div><\/div><\/div><\/div><\/div><\/div><\/section><section class=\"l-section wpb_row height_small\"><div class=\"l-section-h i-cf\"><div class=\"g-cols via_flex valign_top type_default\"><div class=\"vc_col-sm-12 wpb_column vc_column_container\"><div class=\"vc_column-inner\"><div class=\"wpb_wrapper\"><div class=\"g-cols wpb_row via_flex valign_top type_default\"><div class=\"vc_col-sm-6 wpb_column vc_column_container has_bg_color\"><div class=\"vc_column-inner us_custom_0edafe04\"><div class=\"wpb_wrapper\"><div class=\"w-ibanner animation_phorcys ratio_3x2 easing_ease\"><div class=\"w-ibanner-h\"><div class=\"w-ibanner-image\" style=\"background-image: url(https:\/\/dev.steam.eus\/wp-content\/uploads\/banners-sariak.jpg)\"><\/div><div class=\"w-ibanner-content\"><div class=\"w-ibanner-content-h\"><h2 class=\"w-ibanner-title\"><\/h2><div class=\"w-ibanner-desc\"><\/div><\/div><\/div><\/div><a title=\"STEAM Euskadi Sariak\" target=\"_blank\" href=\"https:\/\/steam.eus\/es\/premios\/steam-euskadi-sariak\/\" rel=\"noopener\" aria-label><\/a><\/div><\/div><\/div><\/div><div class=\"vc_col-sm-6 wpb_column vc_column_container has_bg_color\"><div class=\"vc_column-inner us_custom_0edafe04\"><div class=\"wpb_wrapper\"><div class=\"w-ibanner animation_phorcys ratio_3x2 easing_ease\"><div class=\"w-ibanner-h\"><div class=\"w-ibanner-image\" style=\"background-image: url(https:\/\/dev.steam.eus\/wp-content\/uploads\/banners-topaketak.jpg)\"><\/div><div class=\"w-ibanner-content\"><div class=\"w-ibanner-content-h\"><h2 class=\"w-ibanner-title\"><\/h2><div class=\"w-ibanner-desc\"><\/div><\/div><\/div><\/div><a title=\"STEAM Euskadi Topaketak\" target=\"_blank\" href=\"https:\/\/steam.eus\/es\/premios\/steam-euskadi-topaketak\/\" rel=\"noopener\" aria-label><\/a><\/div><\/div><\/div><\/div><\/div><\/div><\/div><\/div><\/div><\/div><\/section>\n","protected":false},"excerpt":{"rendered":"PremiosSTEAM Euskadi SARIAK y STEAM Euskadi Topaketak Los premios\u00a0STEAM Euskadi SARIAK\u00a0buscan identificar las iniciativas de\u00a0educaci\u00f3n STEAM\u00a0que se est\u00e1n desarrollando en Euskadi y reconocer aquellas con marcado car\u00e1cter STEAM, innovadoras y que est\u00e9n especialmente dirigidas a las ni\u00f1as, j\u00f3venes y mujeres. Cada a\u00f1o, las iniciativas ganadoras en cada una de las tres categor\u00edas de los premios,...","protected":false},"author":1,"featured_media":9791,"parent":0,"menu_order":5,"comment_status":"closed","ping_status":"closed","template":"","meta":{"_acf_changed":false,"footnotes":""},"class_list":["post-9388","page","type-page","status-publish","has-post-thumbnail","hentry"],"acf":[],"yoast_head":"<!-- This site is optimized with the Yoast SEO plugin v24.9 - https:\/\/yoast.com\/wordpress\/plugins\/seo\/ -->\n<title>Premios - Steam Euskadi<\/title>\n<meta name=\"robots\" content=\"index, follow, max-snippet:-1, max-image-preview:large, max-video-preview:-1\" \/>\n<link rel=\"canonical\" href=\"https:\/\/dev.steam.eus\/es\/premios\/\" \/>\n<meta property=\"og:locale\" content=\"es_ES\" \/>\n<meta property=\"og:type\" content=\"article\" \/>\n<meta property=\"og:title\" content=\"Premios - Steam Euskadi\" \/>\n<meta property=\"og:url\" content=\"https:\/\/dev.steam.eus\/es\/premios\/\" \/>\n<meta property=\"og:site_name\" content=\"Steam Euskadi\" \/>\n<meta property=\"article:modified_time\" content=\"2024-05-22T15:12:27+00:00\" \/>\n<meta property=\"og:image\" content=\"https:\/\/dev.steam.eus\/wp-content\/uploads\/cabeceras-premios.jpg\" \/>\n\t<meta property=\"og:image:width\" content=\"1850\" \/>\n\t<meta property=\"og:image:height\" content=\"650\" \/>\n\t<meta property=\"og:image:type\" content=\"image\/jpeg\" \/>\n<meta name=\"twitter:card\" content=\"summary_large_image\" \/>\n<meta name=\"twitter:label1\" content=\"Tiempo de lectura\" \/>\n\t<meta name=\"twitter:data1\" content=\"1 minuto\" \/>\n<script type=\"application\/ld+json\" class=\"yoast-schema-graph\">{\"@context\":\"https:\/\/schema.org\",\"@graph\":[{\"@type\":\"WebPage\",\"@id\":\"https:\/\/dev.steam.eus\/es\/premios\/\",\"url\":\"https:\/\/dev.steam.eus\/es\/premios\/\",\"name\":\"Premios - Steam Euskadi\",\"isPartOf\":{\"@id\":\"https:\/\/dev.steam.eus\/es\/#website\"},\"primaryImageOfPage\":{\"@id\":\"https:\/\/dev.steam.eus\/es\/premios\/#primaryimage\"},\"image\":{\"@id\":\"https:\/\/dev.steam.eus\/es\/premios\/#primaryimage\"},\"thumbnailUrl\":\"https:\/\/dev.steam.eus\/wp-content\/uploads\/cabeceras-premios.jpg\",\"datePublished\":\"2024-04-29T14:50:39+00:00\",\"dateModified\":\"2024-05-22T15:12:27+00:00\",\"inLanguage\":\"es\",\"potentialAction\":[{\"@type\":\"ReadAction\",\"target\":[\"https:\/\/dev.steam.eus\/es\/premios\/\"]}]},{\"@type\":\"ImageObject\",\"inLanguage\":\"es\",\"@id\":\"https:\/\/dev.steam.eus\/es\/premios\/#primaryimage\",\"url\":\"https:\/\/dev.steam.eus\/wp-content\/uploads\/cabeceras-premios.jpg\",\"contentUrl\":\"https:\/\/dev.steam.eus\/wp-content\/uploads\/cabeceras-premios.jpg\",\"width\":1850,\"height\":650},{\"@type\":\"WebSite\",\"@id\":\"https:\/\/dev.steam.eus\/es\/#website\",\"url\":\"https:\/\/dev.steam.eus\/es\/\",\"name\":\"Steam Euskadi\",\"description\":\"\",\"potentialAction\":[{\"@type\":\"SearchAction\",\"target\":{\"@type\":\"EntryPoint\",\"urlTemplate\":\"https:\/\/dev.steam.eus\/es\/?s={search_term_string}\"},\"query-input\":{\"@type\":\"PropertyValueSpecification\",\"valueRequired\":true,\"valueName\":\"search_term_string\"}}],\"inLanguage\":\"es\"}]}<\/script>\n<!-- \/ Yoast SEO plugin. -->","yoast_head_json":{"title":"Premios - Steam Euskadi","robots":{"index":"index","follow":"follow","max-snippet":"max-snippet:-1","max-image-preview":"max-image-preview:large","max-video-preview":"max-video-preview:-1"},"canonical":"https:\/\/dev.steam.eus\/es\/premios\/","og_locale":"es_ES","og_type":"article","og_title":"Premios - Steam Euskadi","og_url":"https:\/\/dev.steam.eus\/es\/premios\/","og_site_name":"Steam Euskadi","article_modified_time":"2024-05-22T15:12:27+00:00","og_image":[{"width":1850,"height":650,"url":"https:\/\/dev.steam.eus\/wp-content\/uploads\/cabeceras-premios.jpg","type":"image\/jpeg"}],"twitter_card":"summary_large_image","twitter_misc":{"Tiempo de lectura":"1 minuto"},"schema":{"@context":"https:\/\/schema.org","@graph":[{"@type":"WebPage","@id":"https:\/\/dev.steam.eus\/es\/premios\/","url":"https:\/\/dev.steam.eus\/es\/premios\/","name":"Premios - Steam Euskadi","isPartOf":{"@id":"https:\/\/dev.steam.eus\/es\/#website"},"primaryImageOfPage":{"@id":"https:\/\/dev.steam.eus\/es\/premios\/#primaryimage"},"image":{"@id":"https:\/\/dev.steam.eus\/es\/premios\/#primaryimage"},"thumbnailUrl":"https:\/\/dev.steam.eus\/wp-content\/uploads\/cabeceras-premios.jpg","datePublished":"2024-04-29T14:50:39+00:00","dateModified":"2024-05-22T15:12:27+00:00","inLanguage":"es","potentialAction":[{"@type":"ReadAction","target":["https:\/\/dev.steam.eus\/es\/premios\/"]}]},{"@type":"ImageObject","inLanguage":"es","@id":"https:\/\/dev.steam.eus\/es\/premios\/#primaryimage","url":"https:\/\/dev.steam.eus\/wp-content\/uploads\/cabeceras-premios.jpg","contentUrl":"https:\/\/dev.steam.eus\/wp-content\/uploads\/cabeceras-premios.jpg","width":1850,"height":650},{"@type":"WebSite","@id":"https:\/\/dev.steam.eus\/es\/#website","url":"https:\/\/dev.steam.eus\/es\/","name":"Steam Euskadi","description":"","potentialAction":[{"@type":"SearchAction","target":{"@type":"EntryPoint","urlTemplate":"https:\/\/dev.steam.eus\/es\/?s={search_term_string}"},"query-input":{"@type":"PropertyValueSpecification","valueRequired":true,"valueName":"search_term_string"}}],"inLanguage":"es"}]}},"_links":{"self":[{"href":"https:\/\/dev.steam.eus\/es\/wp-json\/wp\/v2\/pages\/9388","targetHints":{"allow":["GET"]}}],"collection":[{"href":"https:\/\/dev.steam.eus\/es\/wp-json\/wp\/v2\/pages"}],"about":[{"href":"https:\/\/dev.steam.eus\/es\/wp-json\/wp\/v2\/types\/page"}],"author":[{"embeddable":true,"href":"https:\/\/dev.steam.eus\/es\/wp-json\/wp\/v2\/users\/1"}],"replies":[{"embeddable":true,"href":"https:\/\/dev.steam.eus\/es\/wp-json\/wp\/v2\/comments?post=9388"}],"version-history":[{"count":15,"href":"https:\/\/dev.steam.eus\/es\/wp-json\/wp\/v2\/pages\/9388\/revisions"}],"predecessor-version":[{"id":9764,"href":"https:\/\/dev.steam.eus\/es\/wp-json\/wp\/v2\/pages\/9388\/revisions\/9764"}],"wp:featuredmedia":[{"embeddable":true,"href":"https:\/\/dev.steam.eus\/es\/wp-json\/wp\/v2\/media\/9791"}],"wp:attachment":[{"href":"https:\/\/dev.steam.eus\/es\/wp-json\/wp\/v2\/media?parent=9388"}],"curies":[{"name":"wp","href":"https:\/\/api.w.org\/{rel}","templated":true}]}}