{"id":9360,"date":"2024-04-29T13:34:16","date_gmt":"2024-04-29T13:34:16","guid":{"rendered":"https:\/\/dev.steam.eus\/?page_id=9360"},"modified":"2024-05-22T11:29:56","modified_gmt":"2024-05-22T11:29:56","slug":"como-puedo-participar-en-la-red","status":"publish","type":"page","link":"https:\/\/dev.steam.eus\/es\/steam-sare-conectando-colegios-y-empresas\/como-puedo-participar-en-la-red\/","title":{"rendered":"\u00bfC\u00f3mo puedo participar en la red?"},"content":{"rendered":"<section class=\"l-section wpb_row height_large color_primary\"><div class=\"l-section-overlay\" style=\"background:rgba(0,0,0,0.45)\"><\/div><div class=\"l-section-h i-cf\"><div class=\"g-cols via_flex valign_middle type_default\"><div class=\"vc_col-sm-12 wpb_column vc_column_container\"><div class=\"vc_column-inner\"><div class=\"wpb_wrapper\"><h1 class=\"w-post-elm post_title align_center entry-title color_link_inherit\">\u00bfC\u00f3mo puedo participar en la red?<\/h1><\/div><\/div><\/div><\/div><\/div><\/section><section class=\"l-section wpb_row height_medium\"><div class=\"l-section-h i-cf\"><div class=\"g-cols via_flex valign_top type_default\"><div class=\"vc_col-sm-12 wpb_column vc_column_container\"><div class=\"vc_column-inner\"><div class=\"wpb_wrapper\"><div class=\"g-cols wpb_row via_flex valign_top type_default\"><div class=\"vc_col-sm-6 wpb_column vc_column_container\"><div class=\"vc_column-inner us_custom_b2e62aa8\"><div class=\"wpb_wrapper\"><div class=\"wpb_text_column us_custom_3d269516\"><div class=\"wpb_wrapper\"><p>Si eres <strong>un centro educativo<\/strong> puedes participar en las m\u00e1s de 50 iniciativas de educaci\u00f3n STEAM que se ofrecen a trav\u00e9s del cat\u00e1logo STEAM Sare.<\/p>\n<\/div><\/div><div class=\"w-ibanner banner5 animation_phorcys ratio_3x2 easing_ease\"><div class=\"w-ibanner-h\"><div class=\"w-ibanner-image\" style=\"background-image: url(https:\/\/dev.steam.eus\/wp-content\/uploads\/banners-sare-01.jpg)\"><\/div><div class=\"w-ibanner-content\"><div class=\"w-ibanner-content-h\"><h3 class=\"w-ibanner-title\">Soy un centro educativo<\/h3><div class=\"w-ibanner-desc\"><\/div><\/div><\/div><\/div><a title=\"STEAM Sare: qu\u00e9 es\" target=\"_blank\" href=\"https:\/\/steam.eus\/es\/catalogo-steam-sare\/\" rel=\"noopener\" aria-label=\"Soy un centro educativo\"><\/a><\/div><\/div><\/div><\/div><div class=\"vc_col-sm-6 wpb_column vc_column_container\"><div class=\"vc_column-inner us_custom_b2e62aa8\"><div class=\"wpb_wrapper\"><div class=\"wpb_text_column us_custom_3d269516\"><div class=\"wpb_wrapper\"><p>Si eres <strong>una entidad<\/strong> puedes participar con una actividad propia o en actividades de otras entidades.<\/p>\n<\/div><\/div><div class=\"w-ibanner banner5 animation_phorcys ratio_3x2 easing_ease\"><div class=\"w-ibanner-h\"><div class=\"w-ibanner-image\" style=\"background-image: url(https:\/\/dev.steam.eus\/wp-content\/uploads\/banners-sare-02.jpg)\"><\/div><div class=\"w-ibanner-content\"><div class=\"w-ibanner-content-h\"><h3 class=\"w-ibanner-title\">Soy una entidad<\/h3><div class=\"w-ibanner-desc\"><\/div><\/div><\/div><\/div><a title=\"STEAM Sare: \u00bfC\u00f3mo adherirse?\" target=\"_blank\" href=\"https:\/\/steam.eus\/es\/steam-sare-conectando-colegios-y-empresas\/como-puedo-participar-en-la-red\/como-puedo-participar-en-la-red\/\" rel=\"noopener\" aria-label=\"Soy una entidad\"><\/a><\/div><\/div><\/div><\/div><\/div><\/div><\/div><\/div><\/div><\/div><\/section>\n","protected":false},"excerpt":{"rendered":"\u00bfC\u00f3mo puedo participar en la red?Si eres un centro educativo puedes participar en las m\u00e1s de 50 iniciativas de educaci\u00f3n STEAM que se ofrecen a trav\u00e9s del cat\u00e1logo STEAM Sare. Soy un centro educativoSi eres una entidad puedes participar con una actividad propia o en actividades de otras entidades. Soy una entidad","protected":false},"author":1,"featured_media":6790,"parent":1754,"menu_order":5,"comment_status":"closed","ping_status":"closed","template":"","meta":{"_acf_changed":false,"footnotes":""},"class_list":["post-9360","page","type-page","status-publish","has-post-thumbnail","hentry"],"acf":[],"yoast_head":"<!-- This site is optimized with the Yoast SEO plugin v24.9 - https:\/\/yoast.com\/wordpress\/plugins\/seo\/ -->\n<title>\u00bfC\u00f3mo puedo participar en la red? - Steam Euskadi<\/title>\n<meta name=\"robots\" content=\"index, follow, max-snippet:-1, max-image-preview:large, max-video-preview:-1\" \/>\n<link rel=\"canonical\" href=\"https:\/\/dev.steam.eus\/es\/steam-sare-conectando-colegios-y-empresas\/como-puedo-participar-en-la-red\/\" \/>\n<meta property=\"og:locale\" content=\"es_ES\" \/>\n<meta property=\"og:type\" content=\"article\" \/>\n<meta property=\"og:title\" content=\"\u00bfC\u00f3mo puedo participar en la red? - Steam Euskadi\" \/>\n<meta property=\"og:url\" content=\"https:\/\/dev.steam.eus\/es\/steam-sare-conectando-colegios-y-empresas\/como-puedo-participar-en-la-red\/\" \/>\n<meta property=\"og:site_name\" content=\"Steam Euskadi\" \/>\n<meta property=\"article:modified_time\" content=\"2024-05-22T11:29:56+00:00\" \/>\n<meta property=\"og:image\" content=\"https:\/\/dev.steam.eus\/wp-content\/uploads\/cabecera-steam-sare-01.jpg\" \/>\n\t<meta property=\"og:image:width\" content=\"1279\" \/>\n\t<meta property=\"og:image:height\" content=\"346\" \/>\n\t<meta property=\"og:image:type\" content=\"image\/jpeg\" \/>\n<meta name=\"twitter:card\" content=\"summary_large_image\" \/>\n<meta name=\"twitter:label1\" content=\"Tiempo de lectura\" \/>\n\t<meta name=\"twitter:data1\" content=\"1 minuto\" \/>\n<script type=\"application\/ld+json\" class=\"yoast-schema-graph\">{\"@context\":\"https:\/\/schema.org\",\"@graph\":[{\"@type\":\"WebPage\",\"@id\":\"https:\/\/dev.steam.eus\/es\/steam-sare-conectando-colegios-y-empresas\/como-puedo-participar-en-la-red\/\",\"url\":\"https:\/\/dev.steam.eus\/es\/steam-sare-conectando-colegios-y-empresas\/como-puedo-participar-en-la-red\/\",\"name\":\"\u00bfC\u00f3mo puedo participar en la red? - Steam Euskadi\",\"isPartOf\":{\"@id\":\"https:\/\/dev.steam.eus\/es\/#website\"},\"primaryImageOfPage\":{\"@id\":\"https:\/\/dev.steam.eus\/es\/steam-sare-conectando-colegios-y-empresas\/como-puedo-participar-en-la-red\/#primaryimage\"},\"image\":{\"@id\":\"https:\/\/dev.steam.eus\/es\/steam-sare-conectando-colegios-y-empresas\/como-puedo-participar-en-la-red\/#primaryimage\"},\"thumbnailUrl\":\"https:\/\/dev.steam.eus\/wp-content\/uploads\/cabecera-steam-sare-01.jpg\",\"datePublished\":\"2024-04-29T13:34:16+00:00\",\"dateModified\":\"2024-05-22T11:29:56+00:00\",\"breadcrumb\":{\"@id\":\"https:\/\/dev.steam.eus\/es\/steam-sare-conectando-colegios-y-empresas\/como-puedo-participar-en-la-red\/#breadcrumb\"},\"inLanguage\":\"es\",\"potentialAction\":[{\"@type\":\"ReadAction\",\"target\":[\"https:\/\/dev.steam.eus\/es\/steam-sare-conectando-colegios-y-empresas\/como-puedo-participar-en-la-red\/\"]}]},{\"@type\":\"ImageObject\",\"inLanguage\":\"es\",\"@id\":\"https:\/\/dev.steam.eus\/es\/steam-sare-conectando-colegios-y-empresas\/como-puedo-participar-en-la-red\/#primaryimage\",\"url\":\"https:\/\/dev.steam.eus\/wp-content\/uploads\/cabecera-steam-sare-01.jpg\",\"contentUrl\":\"https:\/\/dev.steam.eus\/wp-content\/uploads\/cabecera-steam-sare-01.jpg\",\"width\":1279,\"height\":346},{\"@type\":\"BreadcrumbList\",\"@id\":\"https:\/\/dev.steam.eus\/es\/steam-sare-conectando-colegios-y-empresas\/como-puedo-participar-en-la-red\/#breadcrumb\",\"itemListElement\":[{\"@type\":\"ListItem\",\"position\":1,\"name\":\"Red STEAM Sare\",\"item\":\"https:\/\/dev.steam.eus\/es\/steam-sare-conectando-colegios-y-empresas\/\"},{\"@type\":\"ListItem\",\"position\":2,\"name\":\"\u00bfC\u00f3mo puedo participar en la red?\"}]},{\"@type\":\"WebSite\",\"@id\":\"https:\/\/dev.steam.eus\/es\/#website\",\"url\":\"https:\/\/dev.steam.eus\/es\/\",\"name\":\"Steam Euskadi\",\"description\":\"\",\"potentialAction\":[{\"@type\":\"SearchAction\",\"target\":{\"@type\":\"EntryPoint\",\"urlTemplate\":\"https:\/\/dev.steam.eus\/es\/?s={search_term_string}\"},\"query-input\":{\"@type\":\"PropertyValueSpecification\",\"valueRequired\":true,\"valueName\":\"search_term_string\"}}],\"inLanguage\":\"es\"}]}<\/script>\n<!-- \/ Yoast SEO plugin. -->","yoast_head_json":{"title":"\u00bfC\u00f3mo puedo participar en la red? - Steam Euskadi","robots":{"index":"index","follow":"follow","max-snippet":"max-snippet:-1","max-image-preview":"max-image-preview:large","max-video-preview":"max-video-preview:-1"},"canonical":"https:\/\/dev.steam.eus\/es\/steam-sare-conectando-colegios-y-empresas\/como-puedo-participar-en-la-red\/","og_locale":"es_ES","og_type":"article","og_title":"\u00bfC\u00f3mo puedo participar en la red? - Steam Euskadi","og_url":"https:\/\/dev.steam.eus\/es\/steam-sare-conectando-colegios-y-empresas\/como-puedo-participar-en-la-red\/","og_site_name":"Steam Euskadi","article_modified_time":"2024-05-22T11:29:56+00:00","og_image":[{"width":1279,"height":346,"url":"https:\/\/dev.steam.eus\/wp-content\/uploads\/cabecera-steam-sare-01.jpg","type":"image\/jpeg"}],"twitter_card":"summary_large_image","twitter_misc":{"Tiempo de lectura":"1 minuto"},"schema":{"@context":"https:\/\/schema.org","@graph":[{"@type":"WebPage","@id":"https:\/\/dev.steam.eus\/es\/steam-sare-conectando-colegios-y-empresas\/como-puedo-participar-en-la-red\/","url":"https:\/\/dev.steam.eus\/es\/steam-sare-conectando-colegios-y-empresas\/como-puedo-participar-en-la-red\/","name":"\u00bfC\u00f3mo puedo participar en la red? - Steam Euskadi","isPartOf":{"@id":"https:\/\/dev.steam.eus\/es\/#website"},"primaryImageOfPage":{"@id":"https:\/\/dev.steam.eus\/es\/steam-sare-conectando-colegios-y-empresas\/como-puedo-participar-en-la-red\/#primaryimage"},"image":{"@id":"https:\/\/dev.steam.eus\/es\/steam-sare-conectando-colegios-y-empresas\/como-puedo-participar-en-la-red\/#primaryimage"},"thumbnailUrl":"https:\/\/dev.steam.eus\/wp-content\/uploads\/cabecera-steam-sare-01.jpg","datePublished":"2024-04-29T13:34:16+00:00","dateModified":"2024-05-22T11:29:56+00:00","breadcrumb":{"@id":"https:\/\/dev.steam.eus\/es\/steam-sare-conectando-colegios-y-empresas\/como-puedo-participar-en-la-red\/#breadcrumb"},"inLanguage":"es","potentialAction":[{"@type":"ReadAction","target":["https:\/\/dev.steam.eus\/es\/steam-sare-conectando-colegios-y-empresas\/como-puedo-participar-en-la-red\/"]}]},{"@type":"ImageObject","inLanguage":"es","@id":"https:\/\/dev.steam.eus\/es\/steam-sare-conectando-colegios-y-empresas\/como-puedo-participar-en-la-red\/#primaryimage","url":"https:\/\/dev.steam.eus\/wp-content\/uploads\/cabecera-steam-sare-01.jpg","contentUrl":"https:\/\/dev.steam.eus\/wp-content\/uploads\/cabecera-steam-sare-01.jpg","width":1279,"height":346},{"@type":"BreadcrumbList","@id":"https:\/\/dev.steam.eus\/es\/steam-sare-conectando-colegios-y-empresas\/como-puedo-participar-en-la-red\/#breadcrumb","itemListElement":[{"@type":"ListItem","position":1,"name":"Red STEAM Sare","item":"https:\/\/dev.steam.eus\/es\/steam-sare-conectando-colegios-y-empresas\/"},{"@type":"ListItem","position":2,"name":"\u00bfC\u00f3mo puedo participar en la red?"}]},{"@type":"WebSite","@id":"https:\/\/dev.steam.eus\/es\/#website","url":"https:\/\/dev.steam.eus\/es\/","name":"Steam Euskadi","description":"","potentialAction":[{"@type":"SearchAction","target":{"@type":"EntryPoint","urlTemplate":"https:\/\/dev.steam.eus\/es\/?s={search_term_string}"},"query-input":{"@type":"PropertyValueSpecification","valueRequired":true,"valueName":"search_term_string"}}],"inLanguage":"es"}]}},"_links":{"self":[{"href":"https:\/\/dev.steam.eus\/es\/wp-json\/wp\/v2\/pages\/9360","targetHints":{"allow":["GET"]}}],"collection":[{"href":"https:\/\/dev.steam.eus\/es\/wp-json\/wp\/v2\/pages"}],"about":[{"href":"https:\/\/dev.steam.eus\/es\/wp-json\/wp\/v2\/types\/page"}],"author":[{"embeddable":true,"href":"https:\/\/dev.steam.eus\/es\/wp-json\/wp\/v2\/users\/1"}],"replies":[{"embeddable":true,"href":"https:\/\/dev.steam.eus\/es\/wp-json\/wp\/v2\/comments?post=9360"}],"version-history":[{"count":16,"href":"https:\/\/dev.steam.eus\/es\/wp-json\/wp\/v2\/pages\/9360\/revisions"}],"predecessor-version":[{"id":9776,"href":"https:\/\/dev.steam.eus\/es\/wp-json\/wp\/v2\/pages\/9360\/revisions\/9776"}],"up":[{"embeddable":true,"href":"https:\/\/dev.steam.eus\/es\/wp-json\/wp\/v2\/pages\/1754"}],"wp:featuredmedia":[{"embeddable":true,"href":"https:\/\/dev.steam.eus\/es\/wp-json\/wp\/v2\/media\/6790"}],"wp:attachment":[{"href":"https:\/\/dev.steam.eus\/es\/wp-json\/wp\/v2\/media?parent=9360"}],"curies":[{"name":"wp","href":"https:\/\/api.w.org\/{rel}","templated":true}]}}