{"id":8174,"date":"2024-01-16T15:39:24","date_gmt":"2024-01-16T15:39:24","guid":{"rendered":"https:\/\/dev.steam.eus\/?page_id=8174"},"modified":"2024-06-05T07:58:21","modified_gmt":"2024-06-05T07:58:21","slug":"que-es-el-sello-steam-euskadi","status":"publish","type":"page","link":"https:\/\/dev.steam.eus\/es\/que-es-el-sello-steam-euskadi\/","title":{"rendered":"Sello STEAM Euskadi"},"content":{"rendered":"<section class=\"l-section wpb_row height_large color_primary\"><div class=\"l-section-overlay\" style=\"background:rgba(0,0,0,0.45)\"><\/div><div class=\"l-section-h i-cf\"><div class=\"g-cols via_flex valign_middle type_default\"><div class=\"vc_col-sm-12 wpb_column vc_column_container\"><div class=\"vc_column-inner\"><div class=\"wpb_wrapper\"><h1 class=\"w-post-elm post_title align_center entry-title color_link_inherit\">Sello STEAM Euskadi<\/h1><\/div><\/div><\/div><\/div><\/div><\/section><section class=\"l-section wpb_row height_medium\"><div class=\"l-section-h i-cf\"><div class=\"g-cols via_flex valign_top type_default\"><div class=\"vc_col-sm-12 wpb_column vc_column_container\"><div class=\"vc_column-inner\"><div class=\"wpb_wrapper\"><div class=\"wpb_text_column\"><div class=\"wpb_wrapper\"><section class=\"module\">\n<div class=\"container\">\n<article class=\"row\">\n<div class=\"col-md-7 align-self-center\">\n<h2>\u00bfQu\u00e9 es el Sello STEAM Euskadi?<\/h2>\n<p>Es un distintivo otorgado por el Departamento de Educaci\u00f3n del Gobierno Vasco que califica el car\u00e1cter STEAM de una iniciativa educativa.<\/p>\n<p>Concretamente las caracter\u00edsticas que cumplen las iniciativas con sello STEAM Euskadi son las siguientes:<\/p>\n<ul>\n<li>\u00a0Estar orientadas, al menos, hacia uno de los siguientes objetivos:\n<ul>\n<li>mejorar la capacitaci\u00f3n del alumnado en ciencia, tecnolog\u00eda y matem\u00e1ticas<\/li>\n<li>inspirar vocaciones y aspiraciones profesionales en estos \u00e1mbitos<\/li>\n<\/ul>\n<\/li>\n<li>Disponer de resultados concretos<\/li>\n<li>Incorporar la perspectiva de g\u00e9nero<\/li>\n<\/ul>\n<\/div>\n<div class=\"col-md-5 text-center\"><img class=\"alignnone size-size_300 wp-image-7553 lazyload\" alt=\"\" width=\"300\" height=\"300\" sizes=\"(max-width: 300px) 100vw, 300px\" data-srcset=\"https:\/\/dev.steam.eus\/wp-content\/uploads\/SELLOS_sin-fecha_STEAM_AZUL-300x300.jpg 300w, https:\/\/dev.steam.eus\/wp-content\/uploads\/SELLOS_sin-fecha_STEAM_AZUL-150x150.jpg 150w, https:\/\/dev.steam.eus\/wp-content\/uploads\/SELLOS_sin-fecha_STEAM_AZUL-400x400.jpg 400w, https:\/\/dev.steam.eus\/wp-content\/uploads\/SELLOS_sin-fecha_STEAM_AZUL-480x480.jpg 480w, https:\/\/dev.steam.eus\/wp-content\/uploads\/SELLOS_sin-fecha_STEAM_AZUL-550x550.jpg 550w, https:\/\/dev.steam.eus\/wp-content\/uploads\/SELLOS_sin-fecha_STEAM_AZUL.jpg 600w\" data-src=\"https:\/\/dev.steam.eus\/wp-content\/uploads\/SELLOS_sin-fecha_STEAM_AZUL-300x300.jpg\" srcset=\"https:\/\/dev.steam.eus\/wp-content\/uploads\/SELLOS_sin-fecha_STEAM_AZUL-300x300.jpg 300w, https:\/\/dev.steam.eus\/wp-content\/uploads\/SELLOS_sin-fecha_STEAM_AZUL-150x150.jpg 150w, https:\/\/dev.steam.eus\/wp-content\/uploads\/SELLOS_sin-fecha_STEAM_AZUL-400x400.jpg 400w, https:\/\/dev.steam.eus\/wp-content\/uploads\/SELLOS_sin-fecha_STEAM_AZUL-480x480.jpg 480w, https:\/\/dev.steam.eus\/wp-content\/uploads\/SELLOS_sin-fecha_STEAM_AZUL-550x550.jpg 550w, https:\/\/dev.steam.eus\/wp-content\/uploads\/SELLOS_sin-fecha_STEAM_AZUL.jpg 600w\" \/><\/div>\n<\/article>\n<article class=\"row m-b-20 m-t-20\">\n<div class=\"col-md-12\">\n<h3>\u00bfA qui\u00e9n se otorga el sello STEAM Euskadi?<\/h3>\n<p>Cualquier entidad educativa (centro educativo, centro de formaci\u00f3n profesional o universidad) o entidad socioecon\u00f3mica de Euskadi que promueva una iniciativa de educaci\u00f3n STEAM es susceptible de recibir el sello STEAM Euskadi, con independencia de la etapa educativa o edad a la que se dirija dicha iniciativa.<\/p>\n<p>El sello STEAM Euskadi se otorga por iniciativa, por lo que una misma entidad puede disponer de varios sellos, siempre que cumplan los requisitos indicados.<\/p>\n<h3>\u00bfC\u00f3mo se obtiene el sello STEAM Euskadi?<\/h3>\n<p>El sello se obtiene mediante la presentaci\u00f3n de una candidatura a los premios <a style=\"text-decoration: underline;\" href=\"https:\/\/dev.steam.eus\/es\/steam-euskadi-sariak-2023\/\"><strong>STEAM Euskadi Sariak<\/strong><\/a> y la superaci\u00f3n de la primera fase de evaluaci\u00f3n.<\/p>\n<p>Dicha evaluaci\u00f3n es realizada por un Equipo Evaluador conformado por representantes de educaci\u00f3n, formaci\u00f3n profesional y universidades.<\/p>\n<h3>\u00bfCu\u00e1ntas entidades cuentan con el sello STEAM Euskadi?<\/h3>\n<p>Desde 2020, a\u00f1o en que se pusieron en marcha los STEAM Sariak, el Departamento de Educaci\u00f3n ha otorgado un total de 318 sellos.<\/p>\n<\/div>\n<\/article>\n<article class=\"row m-b-20 m-t-50\">\n<div class=\"col-md-12 text-center\">\n<h2>Iniciativas con Sello STEAM Euskadi<\/h2>\n<\/div>\n<\/article>\n<div class=\"row m-b-20\">\n<div class=\"col-md-4\">\n<p><img class=\"alignnone size-size_300 wp-image-7553 lazyload\" alt=\"\" data-src=\"https:\/\/dev.steam.eus\/wp-content\/uploads\/personajes-colegios.jpg\"><\/p>\n<h3>Centros escolares<\/h3>\n<p>165 sellos STEAM Euskadi promovidos por centros escolares (infantil, primaria, ESO y Bachillerato).<\/p>\n<\/div>\n<div class=\"col-md-4\">\n<p><img class=\"alignnone size-size_300 wp-image-7553 lazyload\" alt=\"\" data-src=\"https:\/\/dev.steam.eus\/wp-content\/uploads\/personajes-universidades.jpg\"><\/p>\n<h3>Universidades y centros FP<\/h3>\n<p>84 sellos STEAM Euskadi promovidos por centros de Formaci\u00f3n Profesional y Universidades.<\/p>\n<\/div>\n<div class=\"col-md-4\">\n<p><img class=\"alignnone size-size_300 wp-image-7553 lazyload\" alt=\"\" data-src=\"https:\/\/dev.steam.eus\/wp-content\/uploads\/personajes-empresas.jpg\"><\/p>\n<h3>Entidades socioecon\u00f3micas<\/h3>\n<p>69 sellos STEAM Euskadi promovidos por entidades socioecon\u00f3micas (entidades de la educaci\u00f3n no formal, empresas, centros de investigaci\u00f3n, etc.).<\/p>\n<\/div>\n<div class=\"col-md-4 m-auto p-t-50\"><a class=\"botonSello\" href=\"\/es\/iniciativas\/\">Ver listado completo<\/a><\/div>\n<\/div>\n<\/div>\n<\/section>\n<\/div><\/div><\/div><\/div><\/div><\/div><\/div><\/section>\n","protected":false},"excerpt":{"rendered":"Sello STEAM Euskadi \u00bfQu\u00e9 es el Sello STEAM Euskadi? Es un distintivo otorgado por el Departamento de Educaci\u00f3n del Gobierno Vasco que califica el car\u00e1cter STEAM de una iniciativa educativa. Concretamente las caracter\u00edsticas que cumplen las iniciativas con sello STEAM Euskadi son las siguientes: \u00a0Estar orientadas, al menos, hacia uno de los siguientes objetivos: mejorar...","protected":false},"author":1,"featured_media":8186,"parent":0,"menu_order":0,"comment_status":"closed","ping_status":"closed","template":"","meta":{"_acf_changed":false,"footnotes":""},"class_list":["post-8174","page","type-page","status-publish","has-post-thumbnail","hentry"],"acf":[],"yoast_head":"<!-- This site is optimized with the Yoast SEO plugin v24.9 - https:\/\/yoast.com\/wordpress\/plugins\/seo\/ -->\n<title>Sello STEAM Euskadi - Steam Euskadi<\/title>\n<meta name=\"robots\" content=\"noindex, follow\" \/>\n<meta property=\"og:locale\" content=\"es_ES\" \/>\n<meta property=\"og:type\" content=\"article\" \/>\n<meta property=\"og:title\" content=\"Sello STEAM Euskadi - Steam Euskadi\" \/>\n<meta property=\"og:url\" content=\"https:\/\/dev.steam.eus\/es\/que-es-el-sello-steam-euskadi\/\" \/>\n<meta property=\"og:site_name\" content=\"Steam Euskadi\" \/>\n<meta property=\"article:modified_time\" content=\"2024-06-05T07:58:21+00:00\" \/>\n<meta property=\"og:image\" content=\"https:\/\/dev.steam.eus\/wp-content\/uploads\/cabecera-sello-steam.jpg\" \/>\n\t<meta property=\"og:image:width\" content=\"1279\" \/>\n\t<meta property=\"og:image:height\" content=\"346\" \/>\n\t<meta property=\"og:image:type\" content=\"image\/jpeg\" \/>\n<meta name=\"twitter:card\" content=\"summary_large_image\" \/>\n<meta name=\"twitter:label1\" content=\"Tiempo de lectura\" \/>\n\t<meta name=\"twitter:data1\" content=\"3 minutos\" \/>\n<script type=\"application\/ld+json\" class=\"yoast-schema-graph\">{\"@context\":\"https:\/\/schema.org\",\"@graph\":[{\"@type\":\"WebPage\",\"@id\":\"https:\/\/dev.steam.eus\/es\/que-es-el-sello-steam-euskadi\/\",\"url\":\"https:\/\/dev.steam.eus\/es\/que-es-el-sello-steam-euskadi\/\",\"name\":\"Sello STEAM Euskadi - Steam Euskadi\",\"isPartOf\":{\"@id\":\"https:\/\/dev.steam.eus\/es\/#website\"},\"primaryImageOfPage\":{\"@id\":\"https:\/\/dev.steam.eus\/es\/que-es-el-sello-steam-euskadi\/#primaryimage\"},\"image\":{\"@id\":\"https:\/\/dev.steam.eus\/es\/que-es-el-sello-steam-euskadi\/#primaryimage\"},\"thumbnailUrl\":\"https:\/\/dev.steam.eus\/wp-content\/uploads\/cabecera-sello-steam.jpg\",\"datePublished\":\"2024-01-16T15:39:24+00:00\",\"dateModified\":\"2024-06-05T07:58:21+00:00\",\"inLanguage\":\"es\",\"potentialAction\":[{\"@type\":\"ReadAction\",\"target\":[\"https:\/\/dev.steam.eus\/es\/que-es-el-sello-steam-euskadi\/\"]}]},{\"@type\":\"ImageObject\",\"inLanguage\":\"es\",\"@id\":\"https:\/\/dev.steam.eus\/es\/que-es-el-sello-steam-euskadi\/#primaryimage\",\"url\":\"https:\/\/dev.steam.eus\/wp-content\/uploads\/cabecera-sello-steam.jpg\",\"contentUrl\":\"https:\/\/dev.steam.eus\/wp-content\/uploads\/cabecera-sello-steam.jpg\",\"width\":1279,\"height\":346},{\"@type\":\"WebSite\",\"@id\":\"https:\/\/dev.steam.eus\/es\/#website\",\"url\":\"https:\/\/dev.steam.eus\/es\/\",\"name\":\"Steam Euskadi\",\"description\":\"\",\"potentialAction\":[{\"@type\":\"SearchAction\",\"target\":{\"@type\":\"EntryPoint\",\"urlTemplate\":\"https:\/\/dev.steam.eus\/es\/?s={search_term_string}\"},\"query-input\":{\"@type\":\"PropertyValueSpecification\",\"valueRequired\":true,\"valueName\":\"search_term_string\"}}],\"inLanguage\":\"es\"}]}<\/script>\n<!-- \/ Yoast SEO plugin. -->","yoast_head_json":{"title":"Sello STEAM Euskadi - Steam Euskadi","robots":{"index":"noindex","follow":"follow"},"og_locale":"es_ES","og_type":"article","og_title":"Sello STEAM Euskadi - Steam Euskadi","og_url":"https:\/\/dev.steam.eus\/es\/que-es-el-sello-steam-euskadi\/","og_site_name":"Steam Euskadi","article_modified_time":"2024-06-05T07:58:21+00:00","og_image":[{"width":1279,"height":346,"url":"https:\/\/dev.steam.eus\/wp-content\/uploads\/cabecera-sello-steam.jpg","type":"image\/jpeg"}],"twitter_card":"summary_large_image","twitter_misc":{"Tiempo de lectura":"3 minutos"},"schema":{"@context":"https:\/\/schema.org","@graph":[{"@type":"WebPage","@id":"https:\/\/dev.steam.eus\/es\/que-es-el-sello-steam-euskadi\/","url":"https:\/\/dev.steam.eus\/es\/que-es-el-sello-steam-euskadi\/","name":"Sello STEAM Euskadi - Steam Euskadi","isPartOf":{"@id":"https:\/\/dev.steam.eus\/es\/#website"},"primaryImageOfPage":{"@id":"https:\/\/dev.steam.eus\/es\/que-es-el-sello-steam-euskadi\/#primaryimage"},"image":{"@id":"https:\/\/dev.steam.eus\/es\/que-es-el-sello-steam-euskadi\/#primaryimage"},"thumbnailUrl":"https:\/\/dev.steam.eus\/wp-content\/uploads\/cabecera-sello-steam.jpg","datePublished":"2024-01-16T15:39:24+00:00","dateModified":"2024-06-05T07:58:21+00:00","inLanguage":"es","potentialAction":[{"@type":"ReadAction","target":["https:\/\/dev.steam.eus\/es\/que-es-el-sello-steam-euskadi\/"]}]},{"@type":"ImageObject","inLanguage":"es","@id":"https:\/\/dev.steam.eus\/es\/que-es-el-sello-steam-euskadi\/#primaryimage","url":"https:\/\/dev.steam.eus\/wp-content\/uploads\/cabecera-sello-steam.jpg","contentUrl":"https:\/\/dev.steam.eus\/wp-content\/uploads\/cabecera-sello-steam.jpg","width":1279,"height":346},{"@type":"WebSite","@id":"https:\/\/dev.steam.eus\/es\/#website","url":"https:\/\/dev.steam.eus\/es\/","name":"Steam Euskadi","description":"","potentialAction":[{"@type":"SearchAction","target":{"@type":"EntryPoint","urlTemplate":"https:\/\/dev.steam.eus\/es\/?s={search_term_string}"},"query-input":{"@type":"PropertyValueSpecification","valueRequired":true,"valueName":"search_term_string"}}],"inLanguage":"es"}]}},"_links":{"self":[{"href":"https:\/\/dev.steam.eus\/es\/wp-json\/wp\/v2\/pages\/8174","targetHints":{"allow":["GET"]}}],"collection":[{"href":"https:\/\/dev.steam.eus\/es\/wp-json\/wp\/v2\/pages"}],"about":[{"href":"https:\/\/dev.steam.eus\/es\/wp-json\/wp\/v2\/types\/page"}],"author":[{"embeddable":true,"href":"https:\/\/dev.steam.eus\/es\/wp-json\/wp\/v2\/users\/1"}],"replies":[{"embeddable":true,"href":"https:\/\/dev.steam.eus\/es\/wp-json\/wp\/v2\/comments?post=8174"}],"version-history":[{"count":20,"href":"https:\/\/dev.steam.eus\/es\/wp-json\/wp\/v2\/pages\/8174\/revisions"}],"predecessor-version":[{"id":9852,"href":"https:\/\/dev.steam.eus\/es\/wp-json\/wp\/v2\/pages\/8174\/revisions\/9852"}],"wp:featuredmedia":[{"embeddable":true,"href":"https:\/\/dev.steam.eus\/es\/wp-json\/wp\/v2\/media\/8186"}],"wp:attachment":[{"href":"https:\/\/dev.steam.eus\/es\/wp-json\/wp\/v2\/media?parent=8174"}],"curies":[{"name":"wp","href":"https:\/\/api.w.org\/{rel}","templated":true}]}}