{"id":6816,"date":"2023-07-21T09:08:31","date_gmt":"2023-07-21T09:08:31","guid":{"rendered":"https:\/\/dev.steam.eus\/?page_id=6816"},"modified":"2024-05-15T11:32:33","modified_gmt":"2024-05-15T11:32:33","slug":"steam-sare-como-adherirse-2","status":"publish","type":"page","link":"https:\/\/dev.steam.eus\/es\/steam-sare-conectando-colegios-y-empresas\/steam-sare-como-adherirse-2\/","title":{"rendered":"\u00bfC\u00f3mo adherirse?"},"content":{"rendered":"<section class=\"l-section wpb_row height_large color_primary\"><div class=\"l-section-overlay\" style=\"background:rgba(0,0,0,0.45)\"><\/div><div class=\"l-section-h i-cf\"><div class=\"g-cols via_flex valign_middle type_default\"><div class=\"vc_col-sm-12 wpb_column vc_column_container\"><div class=\"vc_column-inner\"><div class=\"wpb_wrapper\"><h1 class=\"w-post-elm post_title align_center entry-title color_link_inherit\">\u00bfC\u00f3mo adherirse?<\/h1><\/div><\/div><\/div><\/div><\/div><\/section><section class=\"l-section wpb_row height_small\" id=\"que\"><div class=\"l-section-h i-cf\"><div class=\"g-cols via_flex valign_top type_default\"><div class=\"vc_col-sm-12 wpb_column vc_column_container has_bg_color\"><div class=\"vc_column-inner us_custom_a37df6b7\"><div class=\"wpb_wrapper\"><div class=\"wpb_text_column\"><div class=\"wpb_wrapper\"><h3><strong>\u00bfQui\u00e9nes pueden formar parte?<\/strong><\/h3>\n<\/div><\/div><div class=\"wpb_text_column\"><div class=\"wpb_wrapper\"><p>Centros educativos y empresas que quieran tomar parte activa y de manera colaborativa en las actividades STEAM que se realicen.<\/p>\n<ul>\n<li>Centros educativos del Pa\u00eds Vasco que ense\u00f1en ESO y\/o Bachillerato con estudiantes de materias cient\u00edfico-tecnol\u00f3gicas.<\/li>\n<li>Empresas y otros agentes con profesionales STEM (universidades, centros tecnol\u00f3gicos, centros de investigaci\u00f3n, etc.).<\/li>\n<\/ul>\n<\/div><\/div><\/div><\/div><\/div><\/div><\/div><\/section><section class=\"l-section wpb_row height_small\" id=\"como\"><div class=\"l-section-h i-cf\"><div class=\"g-cols via_flex valign_top type_default\" style=\"--additional-gap:20px;\"><div class=\"vc_col-sm-12 wpb_column vc_column_container\"><div class=\"vc_column-inner\"><div class=\"wpb_wrapper\"><div class=\"wpb_text_column\"><div class=\"wpb_wrapper\"><h3><strong>Sigue estos pasos y forma parte de STEAM Sare<\/strong><\/h3>\n<\/div><\/div><div class=\"g-cols wpb_row us_custom_a21ea65f via_flex valign_top type_default\" style=\"--additional-gap:5px;\"><div class=\"vc_col-sm-4 wpb_column vc_column_container naranja1\"><div class=\"vc_column-inner us_custom_99f74c2c\"><div class=\"wpb_wrapper\"><div class=\"wpb_text_column\"><div class=\"wpb_wrapper\"><p><span class=\"num_cab\">1.<\/span><br>\nLee las bases jur\u00eddicas.<\/p>\n<\/div><\/div><div class=\"w-btn-wrapper align_none\"><a class=\"w-btn us-btn-style_18 icon_atleft\" target=\"_blank\" href=\"\/wp-content\/uploads\/Bases-STEAM-Sare-actualizadas-2024.vf_.pdf\" rel=\"noopener\"><i class=\"fas fa-download\"><\/i><span class=\"w-btn-label\">Bases jur\u00eddicas<\/span><\/a><\/div><\/div><\/div><\/div><div class=\"vc_col-sm-4 wpb_column vc_column_container naranja1\"><div class=\"vc_column-inner us_custom_99f74c2c\"><div class=\"wpb_wrapper\"><div class=\"wpb_text_column\"><div class=\"wpb_wrapper\"><p><span class=\"num_cab\">2.<\/span><br>\nLee e interioriza el c\u00f3digo de conducta.<\/p>\n<\/div><\/div><div class=\"w-btn-wrapper align_none\"><a class=\"w-btn us-btn-style_18 icon_atleft\" target=\"_blank\" href=\"\/wp-content\/uploads\/Anexo-2_Codigo-de-conducta.pdf\" rel=\"noopener\"><i class=\"fas fa-download\"><\/i><span class=\"w-btn-label\">C\u00f3digo de conducta<\/span><\/a><\/div><\/div><\/div><\/div><div class=\"vc_col-sm-4 wpb_column vc_column_container naranja1\"><div class=\"vc_column-inner\"><div class=\"wpb_wrapper\"><div class=\"wpb_text_column\"><div class=\"wpb_wrapper\"><p><span class=\"num_cab\">3.<\/span><br>\nDescarga la hoja de adhesi\u00f3n, f\u00edrmala y env\u00edala a Innobasque (<a href=\"mailto:steameuskadi@innobasque.eus\">steameuskadi@innobasque.eus<\/a>).<\/p>\n<\/div><\/div><div class=\"w-btn-wrapper align_none\"><a class=\"w-btn us-btn-style_18 icon_atleft\" target=\"_blank\" href=\"\/wp-content\/uploads\/Anexo-1_Hoja-adhesion-Formulario.docx\" rel=\"noopener\"><i class=\"fas fa-download\"><\/i><span class=\"w-btn-label\">Hoja de adhesi\u00f3n<\/span><\/a><\/div><\/div><\/div><\/div><\/div><\/div><\/div><\/div><\/div><\/div><\/section>\n","protected":false},"excerpt":{"rendered":"\u00bfC\u00f3mo adherirse?\u00bfQui\u00e9nes pueden formar parte? Centros educativos y empresas que quieran tomar parte activa y de manera colaborativa en las actividades STEAM que se realicen. Centros educativos del Pa\u00eds Vasco que ense\u00f1en ESO y\/o Bachillerato con estudiantes de materias cient\u00edfico-tecnol\u00f3gicas. Empresas y otros agentes con profesionales STEM (universidades, centros tecnol\u00f3gicos, centros de investigaci\u00f3n, etc.). Sigue...","protected":false},"author":1,"featured_media":6792,"parent":1754,"menu_order":0,"comment_status":"closed","ping_status":"closed","template":"","meta":{"_acf_changed":false,"footnotes":""},"class_list":["post-6816","page","type-page","status-publish","has-post-thumbnail","hentry"],"acf":[],"yoast_head":"<!-- This site is optimized with the Yoast SEO plugin v24.9 - https:\/\/yoast.com\/wordpress\/plugins\/seo\/ -->\n<title>\u00bfC\u00f3mo adherirse? - Steam Euskadi<\/title>\n<meta name=\"robots\" content=\"index, follow, max-snippet:-1, max-image-preview:large, max-video-preview:-1\" \/>\n<link rel=\"canonical\" href=\"https:\/\/dev.steam.eus\/es\/steam-sare-conectando-colegios-y-empresas\/steam-sare-como-adherirse-2\/\" \/>\n<meta property=\"og:locale\" content=\"es_ES\" \/>\n<meta property=\"og:type\" content=\"article\" \/>\n<meta property=\"og:title\" content=\"\u00bfC\u00f3mo adherirse? - Steam Euskadi\" \/>\n<meta property=\"og:url\" content=\"https:\/\/dev.steam.eus\/es\/steam-sare-conectando-colegios-y-empresas\/steam-sare-como-adherirse-2\/\" \/>\n<meta property=\"og:site_name\" content=\"Steam Euskadi\" \/>\n<meta property=\"article:modified_time\" content=\"2024-05-15T11:32:33+00:00\" \/>\n<meta property=\"og:image\" content=\"https:\/\/dev.steam.eus\/wp-content\/uploads\/cabecera-steam-sare-02.jpg\" \/>\n\t<meta property=\"og:image:width\" content=\"1279\" \/>\n\t<meta property=\"og:image:height\" content=\"346\" \/>\n\t<meta property=\"og:image:type\" content=\"image\/jpeg\" \/>\n<meta name=\"twitter:card\" content=\"summary_large_image\" \/>\n<meta name=\"twitter:label1\" content=\"Tiempo de lectura\" \/>\n\t<meta name=\"twitter:data1\" content=\"1 minuto\" \/>\n<script type=\"application\/ld+json\" class=\"yoast-schema-graph\">{\"@context\":\"https:\/\/schema.org\",\"@graph\":[{\"@type\":\"WebPage\",\"@id\":\"https:\/\/dev.steam.eus\/es\/steam-sare-conectando-colegios-y-empresas\/steam-sare-como-adherirse-2\/\",\"url\":\"https:\/\/dev.steam.eus\/es\/steam-sare-conectando-colegios-y-empresas\/steam-sare-como-adherirse-2\/\",\"name\":\"\u00bfC\u00f3mo adherirse? - Steam Euskadi\",\"isPartOf\":{\"@id\":\"https:\/\/dev.steam.eus\/es\/#website\"},\"primaryImageOfPage\":{\"@id\":\"https:\/\/dev.steam.eus\/es\/steam-sare-conectando-colegios-y-empresas\/steam-sare-como-adherirse-2\/#primaryimage\"},\"image\":{\"@id\":\"https:\/\/dev.steam.eus\/es\/steam-sare-conectando-colegios-y-empresas\/steam-sare-como-adherirse-2\/#primaryimage\"},\"thumbnailUrl\":\"https:\/\/dev.steam.eus\/wp-content\/uploads\/cabecera-steam-sare-02.jpg\",\"datePublished\":\"2023-07-21T09:08:31+00:00\",\"dateModified\":\"2024-05-15T11:32:33+00:00\",\"breadcrumb\":{\"@id\":\"https:\/\/dev.steam.eus\/es\/steam-sare-conectando-colegios-y-empresas\/steam-sare-como-adherirse-2\/#breadcrumb\"},\"inLanguage\":\"es\",\"potentialAction\":[{\"@type\":\"ReadAction\",\"target\":[\"https:\/\/dev.steam.eus\/es\/steam-sare-conectando-colegios-y-empresas\/steam-sare-como-adherirse-2\/\"]}]},{\"@type\":\"ImageObject\",\"inLanguage\":\"es\",\"@id\":\"https:\/\/dev.steam.eus\/es\/steam-sare-conectando-colegios-y-empresas\/steam-sare-como-adherirse-2\/#primaryimage\",\"url\":\"https:\/\/dev.steam.eus\/wp-content\/uploads\/cabecera-steam-sare-02.jpg\",\"contentUrl\":\"https:\/\/dev.steam.eus\/wp-content\/uploads\/cabecera-steam-sare-02.jpg\",\"width\":1279,\"height\":346},{\"@type\":\"BreadcrumbList\",\"@id\":\"https:\/\/dev.steam.eus\/es\/steam-sare-conectando-colegios-y-empresas\/steam-sare-como-adherirse-2\/#breadcrumb\",\"itemListElement\":[{\"@type\":\"ListItem\",\"position\":1,\"name\":\"Red STEAM Sare\",\"item\":\"https:\/\/dev.steam.eus\/es\/steam-sare-conectando-colegios-y-empresas\/\"},{\"@type\":\"ListItem\",\"position\":2,\"name\":\"\u00bfC\u00f3mo adherirse?\"}]},{\"@type\":\"WebSite\",\"@id\":\"https:\/\/dev.steam.eus\/es\/#website\",\"url\":\"https:\/\/dev.steam.eus\/es\/\",\"name\":\"Steam Euskadi\",\"description\":\"\",\"potentialAction\":[{\"@type\":\"SearchAction\",\"target\":{\"@type\":\"EntryPoint\",\"urlTemplate\":\"https:\/\/dev.steam.eus\/es\/?s={search_term_string}\"},\"query-input\":{\"@type\":\"PropertyValueSpecification\",\"valueRequired\":true,\"valueName\":\"search_term_string\"}}],\"inLanguage\":\"es\"}]}<\/script>\n<!-- \/ Yoast SEO plugin. -->","yoast_head_json":{"title":"\u00bfC\u00f3mo adherirse? - Steam Euskadi","robots":{"index":"index","follow":"follow","max-snippet":"max-snippet:-1","max-image-preview":"max-image-preview:large","max-video-preview":"max-video-preview:-1"},"canonical":"https:\/\/dev.steam.eus\/es\/steam-sare-conectando-colegios-y-empresas\/steam-sare-como-adherirse-2\/","og_locale":"es_ES","og_type":"article","og_title":"\u00bfC\u00f3mo adherirse? - Steam Euskadi","og_url":"https:\/\/dev.steam.eus\/es\/steam-sare-conectando-colegios-y-empresas\/steam-sare-como-adherirse-2\/","og_site_name":"Steam Euskadi","article_modified_time":"2024-05-15T11:32:33+00:00","og_image":[{"width":1279,"height":346,"url":"https:\/\/dev.steam.eus\/wp-content\/uploads\/cabecera-steam-sare-02.jpg","type":"image\/jpeg"}],"twitter_card":"summary_large_image","twitter_misc":{"Tiempo de lectura":"1 minuto"},"schema":{"@context":"https:\/\/schema.org","@graph":[{"@type":"WebPage","@id":"https:\/\/dev.steam.eus\/es\/steam-sare-conectando-colegios-y-empresas\/steam-sare-como-adherirse-2\/","url":"https:\/\/dev.steam.eus\/es\/steam-sare-conectando-colegios-y-empresas\/steam-sare-como-adherirse-2\/","name":"\u00bfC\u00f3mo adherirse? - Steam Euskadi","isPartOf":{"@id":"https:\/\/dev.steam.eus\/es\/#website"},"primaryImageOfPage":{"@id":"https:\/\/dev.steam.eus\/es\/steam-sare-conectando-colegios-y-empresas\/steam-sare-como-adherirse-2\/#primaryimage"},"image":{"@id":"https:\/\/dev.steam.eus\/es\/steam-sare-conectando-colegios-y-empresas\/steam-sare-como-adherirse-2\/#primaryimage"},"thumbnailUrl":"https:\/\/dev.steam.eus\/wp-content\/uploads\/cabecera-steam-sare-02.jpg","datePublished":"2023-07-21T09:08:31+00:00","dateModified":"2024-05-15T11:32:33+00:00","breadcrumb":{"@id":"https:\/\/dev.steam.eus\/es\/steam-sare-conectando-colegios-y-empresas\/steam-sare-como-adherirse-2\/#breadcrumb"},"inLanguage":"es","potentialAction":[{"@type":"ReadAction","target":["https:\/\/dev.steam.eus\/es\/steam-sare-conectando-colegios-y-empresas\/steam-sare-como-adherirse-2\/"]}]},{"@type":"ImageObject","inLanguage":"es","@id":"https:\/\/dev.steam.eus\/es\/steam-sare-conectando-colegios-y-empresas\/steam-sare-como-adherirse-2\/#primaryimage","url":"https:\/\/dev.steam.eus\/wp-content\/uploads\/cabecera-steam-sare-02.jpg","contentUrl":"https:\/\/dev.steam.eus\/wp-content\/uploads\/cabecera-steam-sare-02.jpg","width":1279,"height":346},{"@type":"BreadcrumbList","@id":"https:\/\/dev.steam.eus\/es\/steam-sare-conectando-colegios-y-empresas\/steam-sare-como-adherirse-2\/#breadcrumb","itemListElement":[{"@type":"ListItem","position":1,"name":"Red STEAM Sare","item":"https:\/\/dev.steam.eus\/es\/steam-sare-conectando-colegios-y-empresas\/"},{"@type":"ListItem","position":2,"name":"\u00bfC\u00f3mo adherirse?"}]},{"@type":"WebSite","@id":"https:\/\/dev.steam.eus\/es\/#website","url":"https:\/\/dev.steam.eus\/es\/","name":"Steam Euskadi","description":"","potentialAction":[{"@type":"SearchAction","target":{"@type":"EntryPoint","urlTemplate":"https:\/\/dev.steam.eus\/es\/?s={search_term_string}"},"query-input":{"@type":"PropertyValueSpecification","valueRequired":true,"valueName":"search_term_string"}}],"inLanguage":"es"}]}},"_links":{"self":[{"href":"https:\/\/dev.steam.eus\/es\/wp-json\/wp\/v2\/pages\/6816","targetHints":{"allow":["GET"]}}],"collection":[{"href":"https:\/\/dev.steam.eus\/es\/wp-json\/wp\/v2\/pages"}],"about":[{"href":"https:\/\/dev.steam.eus\/es\/wp-json\/wp\/v2\/types\/page"}],"author":[{"embeddable":true,"href":"https:\/\/dev.steam.eus\/es\/wp-json\/wp\/v2\/users\/1"}],"replies":[{"embeddable":true,"href":"https:\/\/dev.steam.eus\/es\/wp-json\/wp\/v2\/comments?post=6816"}],"version-history":[{"count":8,"href":"https:\/\/dev.steam.eus\/es\/wp-json\/wp\/v2\/pages\/6816\/revisions"}],"predecessor-version":[{"id":9742,"href":"https:\/\/dev.steam.eus\/es\/wp-json\/wp\/v2\/pages\/6816\/revisions\/9742"}],"up":[{"embeddable":true,"href":"https:\/\/dev.steam.eus\/es\/wp-json\/wp\/v2\/pages\/1754"}],"wp:featuredmedia":[{"embeddable":true,"href":"https:\/\/dev.steam.eus\/es\/wp-json\/wp\/v2\/media\/6792"}],"wp:attachment":[{"href":"https:\/\/dev.steam.eus\/es\/wp-json\/wp\/v2\/media?parent=6816"}],"curies":[{"name":"wp","href":"https:\/\/api.w.org\/{rel}","templated":true}]}}