{"id":5822,"date":"2023-04-25T15:20:46","date_gmt":"2023-04-25T15:20:46","guid":{"rendered":"https:\/\/dev.steam.eus\/?page_id=5822"},"modified":"2025-04-03T11:58:04","modified_gmt":"2025-04-03T11:58:04","slug":"catalogo-steam-sare","status":"publish","type":"page","link":"https:\/\/dev.steam.eus\/es\/catalogo-steam-sare\/","title":{"rendered":"Cat\u00e1logo STEAM Sare"},"content":{"rendered":"<section class=\"l-section wpb_row height_large color_primary\"><div class=\"l-section-overlay\" style=\"background:rgba(0,0,0,0.45)\"><\/div><div class=\"l-section-h i-cf\"><div class=\"g-cols via_flex valign_middle type_default\"><div class=\"vc_col-sm-12 wpb_column vc_column_container\"><div class=\"vc_column-inner\"><div class=\"wpb_wrapper\"><h1 class=\"w-post-elm post_title align_center entry-title color_link_inherit\">Cat\u00e1logo STEAM Sare<\/h1><\/div><\/div><\/div><\/div><\/div><\/section><section class=\"l-section wpb_row height_medium\" id=\"aurrekariak\"><div class=\"l-section-h i-cf\"><div class=\"g-cols via_flex valign_top type_default\"><div class=\"vc_col-sm-12 wpb_column vc_column_container stretched\"><div class=\"vc_column-inner\"><div class=\"wpb_wrapper\"><div class=\"wpb_text_column\"><div class=\"wpb_wrapper\"><section class=\"module\">\n<div class=\"container\">\n<div class=\"row m-b-20\">\n<div class=\"col-md-12\">\n<h2><strong>\u00bfQu\u00e9 ofrece el cat\u00e1logo STEAM SARE?<\/strong><\/h2>\n<p>Este cat\u00e1logo de educaci\u00f3n STEAM se enmarca en la estrategia STEAM Euskadi que impulsa el departamento de Educaci\u00f3n del Gobierno Vasco, es complementario al programa STEAM Hezkuntza y est\u00e1 dirigido a los centros educativos vascos.<\/p>\n<p>Esta oferta tiene como objetivo apoyar la labor del profesorado de los centros educativos y facilitar nuevos contactos que contribuyan a generar contextos reales de aprendizaje en el aula. Ha sido generada en el marco de STEAM Sare, una red p\u00fablico-privada conformada por entidades vascas (colegios, empresas, universidades, FP, centros de investigaci\u00f3n, etc.) que colaboran para:<\/p>\n<ul>\n<li>Aumentar el inter\u00e9s de la juventud vasca por las matem\u00e1ticas, la ciencia y la tecnolog\u00eda.<\/li>\n<li>Mejorar su aprendizaje.<\/li>\n<li>Mostrar la diversidad y el atractivo de las oportunidades laborales de las profesiones t\u00e9cnicas del futuro.<\/li>\n<\/ul>\n<\/div>\n<\/div>\n<div class=\"row m-b-20 m-t-20\">\n<div class=\"col-md-12 text-center\">\n<h2><strong>\u00a0Tipolog\u00eda de actividades<\/strong><\/h2>\n<\/div>\n<\/div>\n<div class=\"row m-b-20\">\n<div class=\"col-md-4\">\n<div class=\"actividad\">\n<h3><strong>Actividades STEAM<\/strong><\/h3>\n<p>Actividades de corta duraci\u00f3n orientadas al curr\u00edculo educativo que surgen de las necesidades de los colegios y se desarrollan mediante colaboraciones de profesionales cient\u00edficotecnol\u00f3gicos. Se incluyen actividades de orientaci\u00f3n profesional.<\/p>\n<\/div>\n<\/div>\n<div class=\"col-md-4\">\n<div class=\"programa\">\n<h3><strong>Programas educativos STEAM<\/strong><\/h3>\n<p>Iniciativas de educaci\u00f3n STEAM de semanas o meses de duraci\u00f3n promovidas por entidades vascas (colegios, empresas, universidades, FP, centros de investigaci\u00f3n, etc.)<\/p>\n<\/div>\n<\/div>\n<div class=\"col-md-4\">\n<div class=\"taller\">\n<h3><strong>Orientaci\u00f3n STEM<\/strong><\/h3>\n<p>Actividades de corta duraci\u00f3n orientadas a mostrar la diversidad, atractivo y oportunidades laborales de las profesiones STEM, mediante el contacto directo con profesionales del \u00e1mbito cient\u00edfico-tecnol\u00f3gico.<\/p>\n<\/div>\n<\/div>\n<\/div>\n<div class=\"row m-t-50\">\n<div class=\"col-md-6 m-auto\">\n<div class=\"support-box text-center megaboton hidden\"><a href=\"\/es\/catalogo-actividad\/\"><img alt=\"icono\" data-src=\"\/wp-content\/uploads\/icono-lupa.svg\" class=\" lazyload\"><br>\nConsulta el cat\u00e1logo<\/a><\/div>\n<\/div>\n<div class=\"col-md-6\" style=\"display: none;\">\n<div class=\"support-box text-center megaboton\"><a href=\"\/es\/inscribe-a-tu-centro\/\"><img alt=\"icono\" data-src=\"\/wp-content\/uploads\/icono-formulario.svg\" class=\" lazyload\"><br>\nInscribe a tu centro<\/a><\/div>\n<\/div>\n<\/div>\n<\/div>\n<\/section>\n<section class=\"module\" style=\"display: none;\">\n<div class=\"container\">\n<h2 class=\"text-center\"><strong>Cat\u00e1logo STEAM SARE 2024: Pr\u00f3ximamente<\/strong><\/h2>\n<\/div>\n<\/section>\n<\/div><\/div><div class=\"w-separator size_medium\"><\/div><\/div><\/div><\/div><\/div><\/div><\/section>\n","protected":false},"excerpt":{"rendered":"Cat\u00e1logo STEAM Sare \u00bfQu\u00e9 ofrece el cat\u00e1logo STEAM SARE? Este cat\u00e1logo de educaci\u00f3n STEAM se enmarca en la estrategia STEAM Euskadi que impulsa el departamento de Educaci\u00f3n del Gobierno Vasco, es complementario al programa STEAM Hezkuntza y est\u00e1 dirigido a los centros educativos vascos. Esta oferta tiene como objetivo apoyar la labor del profesorado de...","protected":false},"author":1,"featured_media":6128,"parent":0,"menu_order":0,"comment_status":"closed","ping_status":"closed","template":"","meta":{"_acf_changed":false,"footnotes":""},"class_list":["post-5822","page","type-page","status-publish","has-post-thumbnail","hentry"],"acf":[],"yoast_head":"<!-- This site is optimized with the Yoast SEO plugin v24.9 - https:\/\/yoast.com\/wordpress\/plugins\/seo\/ -->\n<title>Cat\u00e1logo STEAM Sare - Steam Euskadi<\/title>\n<meta name=\"robots\" content=\"index, follow, max-snippet:-1, max-image-preview:large, max-video-preview:-1\" \/>\n<link rel=\"canonical\" href=\"https:\/\/dev.steam.eus\/es\/catalogo-steam-sare\/\" \/>\n<meta property=\"og:locale\" content=\"es_ES\" \/>\n<meta property=\"og:type\" content=\"article\" \/>\n<meta property=\"og:title\" content=\"Cat\u00e1logo STEAM Sare - Steam Euskadi\" \/>\n<meta property=\"og:url\" content=\"https:\/\/dev.steam.eus\/es\/catalogo-steam-sare\/\" \/>\n<meta property=\"og:site_name\" content=\"Steam Euskadi\" \/>\n<meta property=\"article:modified_time\" content=\"2025-04-03T11:58:04+00:00\" \/>\n<meta property=\"og:image\" content=\"https:\/\/dev.steam.eus\/wp-content\/uploads\/cabecera-actividades.jpg\" \/>\n\t<meta property=\"og:image:width\" content=\"1850\" \/>\n\t<meta property=\"og:image:height\" content=\"629\" \/>\n\t<meta property=\"og:image:type\" content=\"image\/jpeg\" \/>\n<meta name=\"twitter:card\" content=\"summary_large_image\" \/>\n<meta name=\"twitter:label1\" content=\"Tiempo de lectura\" \/>\n\t<meta name=\"twitter:data1\" content=\"2 minutos\" \/>\n<script type=\"application\/ld+json\" class=\"yoast-schema-graph\">{\"@context\":\"https:\/\/schema.org\",\"@graph\":[{\"@type\":\"WebPage\",\"@id\":\"https:\/\/dev.steam.eus\/es\/catalogo-steam-sare\/\",\"url\":\"https:\/\/dev.steam.eus\/es\/catalogo-steam-sare\/\",\"name\":\"Cat\u00e1logo STEAM Sare - Steam Euskadi\",\"isPartOf\":{\"@id\":\"https:\/\/dev.steam.eus\/es\/#website\"},\"primaryImageOfPage\":{\"@id\":\"https:\/\/dev.steam.eus\/es\/catalogo-steam-sare\/#primaryimage\"},\"image\":{\"@id\":\"https:\/\/dev.steam.eus\/es\/catalogo-steam-sare\/#primaryimage\"},\"thumbnailUrl\":\"https:\/\/dev.steam.eus\/wp-content\/uploads\/cabecera-actividades.jpg\",\"datePublished\":\"2023-04-25T15:20:46+00:00\",\"dateModified\":\"2025-04-03T11:58:04+00:00\",\"inLanguage\":\"es\",\"potentialAction\":[{\"@type\":\"ReadAction\",\"target\":[\"https:\/\/dev.steam.eus\/es\/catalogo-steam-sare\/\"]}]},{\"@type\":\"ImageObject\",\"inLanguage\":\"es\",\"@id\":\"https:\/\/dev.steam.eus\/es\/catalogo-steam-sare\/#primaryimage\",\"url\":\"https:\/\/dev.steam.eus\/wp-content\/uploads\/cabecera-actividades.jpg\",\"contentUrl\":\"https:\/\/dev.steam.eus\/wp-content\/uploads\/cabecera-actividades.jpg\",\"width\":1850,\"height\":629},{\"@type\":\"WebSite\",\"@id\":\"https:\/\/dev.steam.eus\/es\/#website\",\"url\":\"https:\/\/dev.steam.eus\/es\/\",\"name\":\"Steam Euskadi\",\"description\":\"\",\"potentialAction\":[{\"@type\":\"SearchAction\",\"target\":{\"@type\":\"EntryPoint\",\"urlTemplate\":\"https:\/\/dev.steam.eus\/es\/?s={search_term_string}\"},\"query-input\":{\"@type\":\"PropertyValueSpecification\",\"valueRequired\":true,\"valueName\":\"search_term_string\"}}],\"inLanguage\":\"es\"}]}<\/script>\n<!-- \/ Yoast SEO plugin. -->","yoast_head_json":{"title":"Cat\u00e1logo STEAM Sare - Steam Euskadi","robots":{"index":"index","follow":"follow","max-snippet":"max-snippet:-1","max-image-preview":"max-image-preview:large","max-video-preview":"max-video-preview:-1"},"canonical":"https:\/\/dev.steam.eus\/es\/catalogo-steam-sare\/","og_locale":"es_ES","og_type":"article","og_title":"Cat\u00e1logo STEAM Sare - Steam Euskadi","og_url":"https:\/\/dev.steam.eus\/es\/catalogo-steam-sare\/","og_site_name":"Steam Euskadi","article_modified_time":"2025-04-03T11:58:04+00:00","og_image":[{"width":1850,"height":629,"url":"https:\/\/dev.steam.eus\/wp-content\/uploads\/cabecera-actividades.jpg","type":"image\/jpeg"}],"twitter_card":"summary_large_image","twitter_misc":{"Tiempo de lectura":"2 minutos"},"schema":{"@context":"https:\/\/schema.org","@graph":[{"@type":"WebPage","@id":"https:\/\/dev.steam.eus\/es\/catalogo-steam-sare\/","url":"https:\/\/dev.steam.eus\/es\/catalogo-steam-sare\/","name":"Cat\u00e1logo STEAM Sare - Steam Euskadi","isPartOf":{"@id":"https:\/\/dev.steam.eus\/es\/#website"},"primaryImageOfPage":{"@id":"https:\/\/dev.steam.eus\/es\/catalogo-steam-sare\/#primaryimage"},"image":{"@id":"https:\/\/dev.steam.eus\/es\/catalogo-steam-sare\/#primaryimage"},"thumbnailUrl":"https:\/\/dev.steam.eus\/wp-content\/uploads\/cabecera-actividades.jpg","datePublished":"2023-04-25T15:20:46+00:00","dateModified":"2025-04-03T11:58:04+00:00","inLanguage":"es","potentialAction":[{"@type":"ReadAction","target":["https:\/\/dev.steam.eus\/es\/catalogo-steam-sare\/"]}]},{"@type":"ImageObject","inLanguage":"es","@id":"https:\/\/dev.steam.eus\/es\/catalogo-steam-sare\/#primaryimage","url":"https:\/\/dev.steam.eus\/wp-content\/uploads\/cabecera-actividades.jpg","contentUrl":"https:\/\/dev.steam.eus\/wp-content\/uploads\/cabecera-actividades.jpg","width":1850,"height":629},{"@type":"WebSite","@id":"https:\/\/dev.steam.eus\/es\/#website","url":"https:\/\/dev.steam.eus\/es\/","name":"Steam Euskadi","description":"","potentialAction":[{"@type":"SearchAction","target":{"@type":"EntryPoint","urlTemplate":"https:\/\/dev.steam.eus\/es\/?s={search_term_string}"},"query-input":{"@type":"PropertyValueSpecification","valueRequired":true,"valueName":"search_term_string"}}],"inLanguage":"es"}]}},"_links":{"self":[{"href":"https:\/\/dev.steam.eus\/es\/wp-json\/wp\/v2\/pages\/5822","targetHints":{"allow":["GET"]}}],"collection":[{"href":"https:\/\/dev.steam.eus\/es\/wp-json\/wp\/v2\/pages"}],"about":[{"href":"https:\/\/dev.steam.eus\/es\/wp-json\/wp\/v2\/types\/page"}],"author":[{"embeddable":true,"href":"https:\/\/dev.steam.eus\/es\/wp-json\/wp\/v2\/users\/1"}],"replies":[{"embeddable":true,"href":"https:\/\/dev.steam.eus\/es\/wp-json\/wp\/v2\/comments?post=5822"}],"version-history":[{"count":39,"href":"https:\/\/dev.steam.eus\/es\/wp-json\/wp\/v2\/pages\/5822\/revisions"}],"predecessor-version":[{"id":11004,"href":"https:\/\/dev.steam.eus\/es\/wp-json\/wp\/v2\/pages\/5822\/revisions\/11004"}],"wp:featuredmedia":[{"embeddable":true,"href":"https:\/\/dev.steam.eus\/es\/wp-json\/wp\/v2\/media\/6128"}],"wp:attachment":[{"href":"https:\/\/dev.steam.eus\/es\/wp-json\/wp\/v2\/media?parent=5822"}],"curies":[{"name":"wp","href":"https:\/\/api.w.org\/{rel}","templated":true}]}}