{"id":3,"date":"2020-06-16T17:11:14","date_gmt":"2020-06-16T17:11:14","guid":{"rendered":"http:\/\/steam.eus\/?page_id=3"},"modified":"2024-11-07T09:53:18","modified_gmt":"2024-11-07T09:53:18","slug":"informacion-legal","status":"publish","type":"page","link":"https:\/\/dev.steam.eus\/es\/informacion-legal\/","title":{"rendered":"Aviso legal"},"content":{"rendered":"<section class=\"l-section wpb_row height_medium\"><div class=\"l-section-h i-cf\"><div class=\"g-cols via_flex valign_top type_default\"><div class=\"vc_col-sm-12 wpb_column vc_column_container\"><div class=\"vc_column-inner\"><div class=\"wpb_wrapper\"><div class=\"wpb_text_column\"><div class=\"wpb_wrapper\"><h2>Aviso legal<\/h2>\n<p>Los derechos de propiedad intelectual de la web <a href=\"http:\/\/steam.alalpe.es\">steam.eus<\/a> y de los distintos elementos en ella contenidos son titularidad de la Administraci\u00f3n General de la Comunidad Aut\u00f3noma de Euskadi.<\/p>\n<p>La Administraci\u00f3n de la CAE se reserva la facultad de efectuar, en cualquier momento y sin necesidad de previo aviso, modificaciones y actualizaciones sobre la informaci\u00f3n contenida en su web o en su configuraci\u00f3n o presentaci\u00f3n.<\/p>\n<p>Tanto el acceso a la web, como el uso que pueda hacerse de la informaci\u00f3n contenida en el mismo son de la exclusiva responsabilidad de quien lo realiza. La Administraci\u00f3n de la CAE no responder\u00e1 de ninguna consecuencia, da\u00f1o o perjuicio que pudieran derivarse de dicho acceso o uso de informaci\u00f3n, con excepci\u00f3n de todas aquellas actuaciones que resulten de la aplicaci\u00f3n de las disposiciones legales a las que deba someterse en el estricto ejercicio de sus competencias.<\/p>\n<p>La Administraci\u00f3n de la Comunidad Aut\u00f3noma de Euskadi no asume responsabilidad alguna derivada de la conexi\u00f3n o contenidos de los enlaces de terceros a los que se hace referencia en la web.<\/p>\n<p>La utilizaci\u00f3n no autorizada de la informaci\u00f3n contenida en esta web, as\u00ed como los perjuicios y quebrantos ocasionados en los derechos de propiedad intelectual e industrial de la Administraci\u00f3n de la Comunidad Aut\u00f3noma de Euskadi dar\u00e1 lugar al ejercicio de las acciones que legalmente le correspondan a dicha Administraci\u00f3n y en su caso, a las responsabilidades que de dicho ejercicio se deriven.<\/p>\n<h2>Privacidad<\/h2>\n<p>Los datos aportados por el interesado se utilizar\u00e1n, con car\u00e1cter \u00fanico y exclusivo, para los fines previstos en el procedimiento o actuaci\u00f3n que se trate.<\/p>\n<p>En ning\u00fan caso los referidos datos ser\u00e1n objeto de tratamiento o de cesi\u00f3n a terceros, si no es con el consentimiento inequ\u00edvoco del afectado, o en los supuestos previstos en la ley org\u00e1nica 3\/2018, de 5 de diciembre de Protecci\u00f3n de Datos y garant\u00edas digitales (BOE n\u00ba 294, de 6 de diciembre de 2018)<\/p>\n<p>En cumplimiento de lo dispuesto en la citada Ley Org\u00e1nica 3\/2018, el cedente de los datos podr\u00e1, en cualquier momento, ejercitar los derechos de acceso, rectificaci\u00f3n, cancelaci\u00f3n y oposici\u00f3n en la forma que reglamentariamente se determine.<\/p>\n<\/div><\/div><\/div><\/div><\/div><\/div><\/div><\/section><section class=\"l-section wpb_row height_medium\"><div class=\"l-section-h i-cf\"><div class=\"g-cols via_flex valign_top type_default\"><div class=\"vc_col-sm-12 wpb_column vc_column_container\"><div class=\"vc_column-inner\"><div class=\"wpb_wrapper\"><\/div><\/div><\/div><\/div><\/div><\/section>\n","protected":false},"excerpt":{"rendered":"Aviso legal Los derechos de propiedad intelectual de la web steam.eus y de los distintos elementos en ella contenidos son titularidad de la Administraci\u00f3n General de la Comunidad Aut\u00f3noma de Euskadi. La Administraci\u00f3n de la CAE se reserva la facultad de efectuar, en cualquier momento y sin necesidad de previo aviso, modificaciones y actualizaciones sobre...","protected":false},"author":1,"featured_media":0,"parent":0,"menu_order":10,"comment_status":"closed","ping_status":"closed","template":"","meta":{"_acf_changed":false,"footnotes":""},"class_list":["post-3","page","type-page","status-publish","hentry"],"acf":[],"yoast_head":"<!-- This site is optimized with the Yoast SEO plugin v24.9 - https:\/\/yoast.com\/wordpress\/plugins\/seo\/ -->\n<title>Aviso legal - Steam Euskadi<\/title>\n<meta name=\"robots\" content=\"index, follow, max-snippet:-1, max-image-preview:large, max-video-preview:-1\" \/>\n<link rel=\"canonical\" href=\"https:\/\/dev.steam.eus\/es\/informacion-legal\/\" \/>\n<meta property=\"og:locale\" content=\"es_ES\" \/>\n<meta property=\"og:type\" content=\"article\" \/>\n<meta property=\"og:title\" content=\"Aviso legal - Steam Euskadi\" \/>\n<meta property=\"og:url\" content=\"https:\/\/dev.steam.eus\/es\/informacion-legal\/\" \/>\n<meta property=\"og:site_name\" content=\"Steam Euskadi\" \/>\n<meta property=\"article:modified_time\" content=\"2024-11-07T09:53:18+00:00\" \/>\n<meta name=\"twitter:card\" content=\"summary_large_image\" \/>\n<meta name=\"twitter:label1\" content=\"Tiempo de lectura\" \/>\n\t<meta name=\"twitter:data1\" content=\"2 minutos\" \/>\n<script type=\"application\/ld+json\" class=\"yoast-schema-graph\">{\"@context\":\"https:\/\/schema.org\",\"@graph\":[{\"@type\":\"WebPage\",\"@id\":\"https:\/\/dev.steam.eus\/es\/informacion-legal\/\",\"url\":\"https:\/\/dev.steam.eus\/es\/informacion-legal\/\",\"name\":\"Aviso legal - Steam Euskadi\",\"isPartOf\":{\"@id\":\"https:\/\/dev.steam.eus\/es\/#website\"},\"datePublished\":\"2020-06-16T17:11:14+00:00\",\"dateModified\":\"2024-11-07T09:53:18+00:00\",\"inLanguage\":\"es\",\"potentialAction\":[{\"@type\":\"ReadAction\",\"target\":[\"https:\/\/dev.steam.eus\/es\/informacion-legal\/\"]}]},{\"@type\":\"WebSite\",\"@id\":\"https:\/\/dev.steam.eus\/es\/#website\",\"url\":\"https:\/\/dev.steam.eus\/es\/\",\"name\":\"Steam Euskadi\",\"description\":\"\",\"potentialAction\":[{\"@type\":\"SearchAction\",\"target\":{\"@type\":\"EntryPoint\",\"urlTemplate\":\"https:\/\/dev.steam.eus\/es\/?s={search_term_string}\"},\"query-input\":{\"@type\":\"PropertyValueSpecification\",\"valueRequired\":true,\"valueName\":\"search_term_string\"}}],\"inLanguage\":\"es\"}]}<\/script>\n<!-- \/ Yoast SEO plugin. -->","yoast_head_json":{"title":"Aviso legal - Steam Euskadi","robots":{"index":"index","follow":"follow","max-snippet":"max-snippet:-1","max-image-preview":"max-image-preview:large","max-video-preview":"max-video-preview:-1"},"canonical":"https:\/\/dev.steam.eus\/es\/informacion-legal\/","og_locale":"es_ES","og_type":"article","og_title":"Aviso legal - Steam Euskadi","og_url":"https:\/\/dev.steam.eus\/es\/informacion-legal\/","og_site_name":"Steam Euskadi","article_modified_time":"2024-11-07T09:53:18+00:00","twitter_card":"summary_large_image","twitter_misc":{"Tiempo de lectura":"2 minutos"},"schema":{"@context":"https:\/\/schema.org","@graph":[{"@type":"WebPage","@id":"https:\/\/dev.steam.eus\/es\/informacion-legal\/","url":"https:\/\/dev.steam.eus\/es\/informacion-legal\/","name":"Aviso legal - Steam Euskadi","isPartOf":{"@id":"https:\/\/dev.steam.eus\/es\/#website"},"datePublished":"2020-06-16T17:11:14+00:00","dateModified":"2024-11-07T09:53:18+00:00","inLanguage":"es","potentialAction":[{"@type":"ReadAction","target":["https:\/\/dev.steam.eus\/es\/informacion-legal\/"]}]},{"@type":"WebSite","@id":"https:\/\/dev.steam.eus\/es\/#website","url":"https:\/\/dev.steam.eus\/es\/","name":"Steam Euskadi","description":"","potentialAction":[{"@type":"SearchAction","target":{"@type":"EntryPoint","urlTemplate":"https:\/\/dev.steam.eus\/es\/?s={search_term_string}"},"query-input":{"@type":"PropertyValueSpecification","valueRequired":true,"valueName":"search_term_string"}}],"inLanguage":"es"}]}},"_links":{"self":[{"href":"https:\/\/dev.steam.eus\/es\/wp-json\/wp\/v2\/pages\/3","targetHints":{"allow":["GET"]}}],"collection":[{"href":"https:\/\/dev.steam.eus\/es\/wp-json\/wp\/v2\/pages"}],"about":[{"href":"https:\/\/dev.steam.eus\/es\/wp-json\/wp\/v2\/types\/page"}],"author":[{"embeddable":true,"href":"https:\/\/dev.steam.eus\/es\/wp-json\/wp\/v2\/users\/1"}],"replies":[{"embeddable":true,"href":"https:\/\/dev.steam.eus\/es\/wp-json\/wp\/v2\/comments?post=3"}],"version-history":[{"count":6,"href":"https:\/\/dev.steam.eus\/es\/wp-json\/wp\/v2\/pages\/3\/revisions"}],"predecessor-version":[{"id":10536,"href":"https:\/\/dev.steam.eus\/es\/wp-json\/wp\/v2\/pages\/3\/revisions\/10536"}],"wp:attachment":[{"href":"https:\/\/dev.steam.eus\/es\/wp-json\/wp\/v2\/media?parent=3"}],"curies":[{"name":"wp","href":"https:\/\/api.w.org\/{rel}","templated":true}]}}