{"id":2,"date":"2020-06-16T17:11:14","date_gmt":"2020-06-16T17:11:14","guid":{"rendered":"http:\/\/steam.eus\/?page_id=2"},"modified":"2024-07-29T08:37:22","modified_gmt":"2024-07-29T08:37:22","slug":"pagina-ejemplo","status":"publish","type":"page","link":"https:\/\/dev.steam.eus\/es\/","title":{"rendered":"Inicio"},"content":{"rendered":"<section class=\"l-section wpb_row height_medium\"><div class=\"l-section-h i-cf\"><div class=\"g-cols via_flex valign_middle type_default\"><div class=\"vc_col-sm-5 wpb_column vc_column_container\"><div class=\"vc_column-inner\"><div class=\"wpb_wrapper\"><div class=\"g-cols wpb_row via_flex valign_middle type_default\"><div class=\"vc_col-sm-12 wpb_column vc_column_container\"><div class=\"vc_column-inner\"><div class=\"wpb_wrapper\"><div class=\"w-image us_custom_a518f36e us_animate_this align_none\"><div class=\"w-image-h\"><img width=\"850\" height=\"1000\" class=\"attachment-full size-full lazyload\" alt=\"\" sizes=\"(max-width: 850px) 100vw, 850px\" data-srcset=\"https:\/\/dev.steam.eus\/wp-content\/uploads\/cifras-home.jpg 850w, https:\/\/dev.steam.eus\/wp-content\/uploads\/cifras-home-150x176.jpg 150w, https:\/\/dev.steam.eus\/wp-content\/uploads\/cifras-home-300x353.jpg 300w, https:\/\/dev.steam.eus\/wp-content\/uploads\/cifras-home-400x471.jpg 400w, https:\/\/dev.steam.eus\/wp-content\/uploads\/cifras-home-480x565.jpg 480w, https:\/\/dev.steam.eus\/wp-content\/uploads\/cifras-home-550x647.jpg 550w, https:\/\/dev.steam.eus\/wp-content\/uploads\/cifras-home-768x904.jpg 768w\" data-src=\"https:\/\/dev.steam.eus\/wp-content\/uploads\/cifras-home.jpg\"><\/div><\/div><\/div><\/div><\/div><\/div><\/div><\/div><\/div><div class=\"vc_col-sm-7 wpb_column vc_column_container\"><div class=\"vc_column-inner\"><div class=\"wpb_wrapper\">[vc_raw_html]JTNDdmlkZW8lMjBhdXRvcGxheSUzRCUyMmF1dG9wbGF5JTIyJTIwbG9vcCUzRCUyMmxvb3AlMjIlMjBtdXRlZCUzRCUyMiUyMiUyMHdpZHRoJTNEJTIyMTAwJTI1JTIyJTIwaGVpZ2h0JTNEJTIyYXV0byUyMiUzRSUzQ3NvdXJjZSUyMHNyYyUzRCUyMmh0dHBzJTNBJTJGJTJGc3RlYW0uZXVzJTJGd3AtY29udGVudCUyRnVwbG9hZHMlMkZBTklNQUNJT04tU1RFQU0ubXA0JTIyJTIwdHlwZSUzRCUyMnZpZGVvJTJGbXA0JTIyJTIwJTJGJTNFJTNDc291cmNlJTIwc3JjJTNEJTIyaHR0cHMlM0ElMkYlMkZzdGVhbS5ldXMlMkZ3cC1jb250ZW50JTJGdXBsb2FkcyUyRkFOSU1BQ0lPTi1TVEVBTS5vZ3YlMjIlMjB0eXBlJTNEJTIydmlkZW8lMkZvZ3YlMjIlMjAlMkYlM0UlM0MlMkZ2aWRlbyUzRQ==[\/vc_raw_html]<div class=\"g-cols wpb_row via_flex valign_top type_default\"><div class=\"vc_col-sm-12 wpb_column vc_column_container\"><div class=\"vc_column-inner\"><div class=\"wpb_wrapper\"><div class=\"wpb_text_column\"><div class=\"wpb_wrapper\"><h1 style=\"text-align: center;\">\u00bfQu\u00e9 es <strong>STEAM<\/strong>?<\/h1>\n<\/div><\/div><div class=\"wpb_text_column\"><div class=\"wpb_wrapper\"><div class=\"wpb_text_column \">\n<div class=\"wpb_wrapper\">\n<h5 style=\"text-align: center;\"><b>Es aquella educaci\u00f3n <\/b>que integra la <b>ciencia, la tecnolog\u00eda, la ingenier\u00eda y las matem\u00e1ticas <\/b>en conexi\u00f3n con las <b>Artes y Humanidades, <\/b>desarrolla <strong>competencias b\u00e1sicas, tanto transversales como disciplinares <\/strong>y empodera <b>al alumnado <\/b>a enfrentarse de manera responsable a los <b>retos de nuestra sociedad.<\/b><\/h5>\n<\/div>\n<\/div>\n<\/div><\/div><\/div><\/div><\/div><\/div><\/div><\/div><\/div><\/div><\/div><\/section><section class=\"l-section wpb_row height_medium\"><div class=\"l-section-h i-cf\"><div class=\"g-cols via_flex valign_top type_default\"><div class=\"vc_col-sm-12 wpb_column vc_column_container\"><div class=\"vc_column-inner\"><div class=\"wpb_wrapper\"><div class=\"g-cols wpb_row via_flex valign_top type_default\"><div class=\"vc_col-sm-4 wpb_column vc_column_container\"><div class=\"vc_column-inner\"><div class=\"wpb_wrapper\"><div class=\"w-ibanner banner1 animation_phorcys ratio_2x1 easing_ease\"><div class=\"w-ibanner-h\"><div class=\"w-ibanner-image\" style=\"background-image: url(https:\/\/dev.steam.eus\/wp-content\/uploads\/2020\/06\/steam-educ.jpg)\"><\/div><div class=\"w-ibanner-content\"><div class=\"w-ibanner-content-h\"><h3 class=\"w-ibanner-title\">Estrategia<\/h3><div class=\"w-ibanner-desc\"><\/div><\/div><\/div><\/div><a title=\"Estrategia STEAM EUSKADI\" target=\"_blank\" href=\"https:\/\/steam.eus\/es\/estrategia-steam-euskadi\/\" rel=\"noopener\" aria-label=\"Estrategia\"><\/a><\/div><\/div><\/div><\/div><div class=\"vc_col-sm-4 wpb_column vc_column_container\"><div class=\"vc_column-inner\"><div class=\"wpb_wrapper\"><div class=\"w-ibanner banner5 animation_phorcys ratio_2x1 easing_ease\"><div class=\"w-ibanner-h\"><div class=\"w-ibanner-image\" style=\"background-image: url(https:\/\/dev.steam.eus\/wp-content\/uploads\/banners-sare-03.jpg)\"><\/div><div class=\"w-ibanner-content\"><div class=\"w-ibanner-content-h\"><h3 class=\"w-ibanner-title\">Red<\/h3><div class=\"w-ibanner-desc\"><\/div><\/div><\/div><\/div><a href=\"\/es\/steam-sare-conectando-colegios-y-empresas\/\" aria-label=\"Red\"><\/a><\/div><\/div><\/div><\/div><div class=\"vc_col-sm-4 wpb_column vc_column_container\"><div class=\"vc_column-inner\"><div class=\"wpb_wrapper\"><div class=\"w-ibanner banner6 animation_phorcys ratio_2x1 easing_ease\"><div class=\"w-ibanner-h\"><div class=\"w-ibanner-image\" style=\"background-image: url(https:\/\/dev.steam.eus\/wp-content\/uploads\/banners-topaketak2.jpg)\"><\/div><div class=\"w-ibanner-content\"><div class=\"w-ibanner-content-h\"><h3 class=\"w-ibanner-title\">Premios<\/h3><div class=\"w-ibanner-desc\"><\/div><\/div><\/div><\/div><a title=\"Premios\" target=\"_blank\" href=\"https:\/\/steam.eus\/es\/premios\/\" rel=\"noopener\" aria-label=\"Premios\"><\/a><\/div><\/div><\/div><\/div><\/div><div class=\"w-separator size_medium\"><\/div><div class=\"g-cols wpb_row via_flex valign_top type_default\"><div class=\"vc_col-sm-4 wpb_column vc_column_container\"><div class=\"vc_column-inner\"><div class=\"wpb_wrapper\"><div class=\"w-ibanner banner3 animation_phorcys ratio_2x1 easing_ease\"><div class=\"w-ibanner-h\"><div class=\"w-ibanner-image\" style=\"background-image: url(https:\/\/dev.steam.eus\/wp-content\/uploads\/banners-sello.jpg)\"><\/div><div class=\"w-ibanner-content\"><div class=\"w-ibanner-content-h\"><h3 class=\"w-ibanner-title\">Sello<\/h3><div class=\"w-ibanner-desc\"><\/div><\/div><\/div><\/div><a title=\"Sello\" target=\"_blank\" href=\"https:\/\/steam.eus\/es\/sello\/\" rel=\"noopener\" aria-label=\"Sello\"><\/a><\/div><\/div><\/div><\/div><div class=\"vc_col-sm-4 wpb_column vc_column_container\"><div class=\"vc_column-inner\"><div class=\"wpb_wrapper\"><div class=\"w-ibanner banner4 animation_phorcys ratio_2x1 easing_ease\"><div class=\"w-ibanner-h\"><div class=\"w-ibanner-image\" style=\"background-image: url(https:\/\/dev.steam.eus\/wp-content\/uploads\/banners-orientacion2.jpg)\"><\/div><div class=\"w-ibanner-content\"><div class=\"w-ibanner-content-h\"><h3 class=\"w-ibanner-title\">Orientaci\u00f3n profesional<\/h3><div class=\"w-ibanner-desc\"><\/div><\/div><\/div><\/div><a title=\"Programa Orientaci\u00f3n Profesional STEM\" target=\"_blank\" href=\"https:\/\/steam.eus\/es\/orientacion-profesional\/\" rel=\"noopener\" aria-label=\"Orientaci\u00f3n profesional\"><\/a><\/div><\/div><\/div><\/div><div class=\"vc_col-sm-4 wpb_column vc_column_container\"><div class=\"vc_column-inner\"><div class=\"wpb_wrapper\"><div class=\"w-ibanner banner7 animation_phorcys ratio_2x1 easing_ease\"><div class=\"w-ibanner-h\"><div class=\"w-ibanner-image\" style=\"background-image: url(https:\/\/dev.steam.eus\/wp-content\/uploads\/banners-orientacion1.jpg)\"><\/div><div class=\"w-ibanner-content\"><div class=\"w-ibanner-content-h\"><h3 class=\"w-ibanner-title\">C\u00f3mo participar<\/h3><div class=\"w-ibanner-desc\"><\/div><\/div><\/div><\/div><a href=\"\/es\/i-estrategia-de-educacion-steam-euskadi\/\" aria-label=\"C\u00f3mo participar\"><\/a><\/div><\/div><\/div><\/div><\/div><\/div><\/div><\/div><\/div><\/div><\/section>\n","protected":false},"excerpt":{"rendered":"[vc_raw_html]JTNDdmlkZW8lMjBhdXRvcGxheSUzRCUyMmF1dG9wbGF5JTIyJTIwbG9vcCUzRCUyMmxvb3AlMjIlMjBtdXRlZCUzRCUyMiUyMiUyMHdpZHRoJTNEJTIyMTAwJTI1JTIyJTIwaGVpZ2h0JTNEJTIyYXV0byUyMiUzRSUzQ3NvdXJjZSUyMHNyYyUzRCUyMmh0dHBzJTNBJTJGJTJGc3RlYW0uZXVzJTJGd3AtY29udGVudCUyRnVwbG9hZHMlMkZBTklNQUNJT04tU1RFQU0ubXA0JTIyJTIwdHlwZSUzRCUyMnZpZGVvJTJGbXA0JTIyJTIwJTJGJTNFJTNDc291cmNlJTIwc3JjJTNEJTIyaHR0cHMlM0ElMkYlMkZzdGVhbS5ldXMlMkZ3cC1jb250ZW50JTJGdXBsb2FkcyUyRkFOSU1BQ0lPTi1TVEVBTS5vZ3YlMjIlMjB0eXBlJTNEJTIydmlkZW8lMkZvZ3YlMjIlMjAlMkYlM0UlM0MlMkZ2aWRlbyUzRQ==[\/vc_raw_html]\u00bfQu\u00e9 es STEAM? Es aquella educaci\u00f3n que integra la ciencia, la tecnolog\u00eda, la ingenier\u00eda y las matem\u00e1ticas en conexi\u00f3n con las Artes y Humanidades, desarrolla competencias b\u00e1sicas, tanto transversales como disciplinares y empodera al alumnado a enfrentarse de manera responsable a los retos de nuestra sociedad. EstrategiaRedPremiosSelloOrientaci\u00f3n profesionalC\u00f3mo participar","protected":false},"author":1,"featured_media":0,"parent":0,"menu_order":0,"comment_status":"closed","ping_status":"open","template":"","meta":{"_acf_changed":false,"footnotes":""},"class_list":["post-2","page","type-page","status-publish","hentry"],"acf":[],"yoast_head":"<!-- This site is optimized with the Yoast SEO plugin v24.9 - https:\/\/yoast.com\/wordpress\/plugins\/seo\/ -->\n<title>Inicio - Steam Euskadi<\/title>\n<meta name=\"robots\" content=\"index, follow, max-snippet:-1, max-image-preview:large, max-video-preview:-1\" \/>\n<link rel=\"canonical\" href=\"https:\/\/dev.steam.eus\/es\/\" \/>\n<meta property=\"og:locale\" content=\"es_ES\" \/>\n<meta property=\"og:type\" content=\"article\" \/>\n<meta property=\"og:title\" content=\"Inicio - Steam Euskadi\" \/>\n<meta property=\"og:url\" content=\"https:\/\/dev.steam.eus\/es\/\" \/>\n<meta property=\"og:site_name\" content=\"Steam Euskadi\" \/>\n<meta property=\"article:modified_time\" content=\"2024-07-29T08:37:22+00:00\" \/>\n<meta name=\"twitter:card\" content=\"summary_large_image\" \/>\n<meta name=\"twitter:label1\" content=\"Tiempo de lectura\" \/>\n\t<meta name=\"twitter:data1\" content=\"1 minuto\" \/>\n<script type=\"application\/ld+json\" class=\"yoast-schema-graph\">{\"@context\":\"https:\/\/schema.org\",\"@graph\":[{\"@type\":\"WebPage\",\"@id\":\"https:\/\/dev.steam.eus\/es\/\",\"url\":\"https:\/\/dev.steam.eus\/es\/\",\"name\":\"Inicio - Steam Euskadi\",\"isPartOf\":{\"@id\":\"https:\/\/dev.steam.eus\/es\/#website\"},\"datePublished\":\"2020-06-16T17:11:14+00:00\",\"dateModified\":\"2024-07-29T08:37:22+00:00\",\"inLanguage\":\"es\",\"potentialAction\":[{\"@type\":\"ReadAction\",\"target\":[\"https:\/\/dev.steam.eus\/es\/\"]}]},{\"@type\":\"WebSite\",\"@id\":\"https:\/\/dev.steam.eus\/es\/#website\",\"url\":\"https:\/\/dev.steam.eus\/es\/\",\"name\":\"Steam Euskadi\",\"description\":\"\",\"potentialAction\":[{\"@type\":\"SearchAction\",\"target\":{\"@type\":\"EntryPoint\",\"urlTemplate\":\"https:\/\/dev.steam.eus\/es\/?s={search_term_string}\"},\"query-input\":{\"@type\":\"PropertyValueSpecification\",\"valueRequired\":true,\"valueName\":\"search_term_string\"}}],\"inLanguage\":\"es\"}]}<\/script>\n<!-- \/ Yoast SEO plugin. -->","yoast_head_json":{"title":"Inicio - Steam Euskadi","robots":{"index":"index","follow":"follow","max-snippet":"max-snippet:-1","max-image-preview":"max-image-preview:large","max-video-preview":"max-video-preview:-1"},"canonical":"https:\/\/dev.steam.eus\/es\/","og_locale":"es_ES","og_type":"article","og_title":"Inicio - Steam Euskadi","og_url":"https:\/\/dev.steam.eus\/es\/","og_site_name":"Steam Euskadi","article_modified_time":"2024-07-29T08:37:22+00:00","twitter_card":"summary_large_image","twitter_misc":{"Tiempo de lectura":"1 minuto"},"schema":{"@context":"https:\/\/schema.org","@graph":[{"@type":"WebPage","@id":"https:\/\/dev.steam.eus\/es\/","url":"https:\/\/dev.steam.eus\/es\/","name":"Inicio - Steam Euskadi","isPartOf":{"@id":"https:\/\/dev.steam.eus\/es\/#website"},"datePublished":"2020-06-16T17:11:14+00:00","dateModified":"2024-07-29T08:37:22+00:00","inLanguage":"es","potentialAction":[{"@type":"ReadAction","target":["https:\/\/dev.steam.eus\/es\/"]}]},{"@type":"WebSite","@id":"https:\/\/dev.steam.eus\/es\/#website","url":"https:\/\/dev.steam.eus\/es\/","name":"Steam Euskadi","description":"","potentialAction":[{"@type":"SearchAction","target":{"@type":"EntryPoint","urlTemplate":"https:\/\/dev.steam.eus\/es\/?s={search_term_string}"},"query-input":{"@type":"PropertyValueSpecification","valueRequired":true,"valueName":"search_term_string"}}],"inLanguage":"es"}]}},"_links":{"self":[{"href":"https:\/\/dev.steam.eus\/es\/wp-json\/wp\/v2\/pages\/2","targetHints":{"allow":["GET"]}}],"collection":[{"href":"https:\/\/dev.steam.eus\/es\/wp-json\/wp\/v2\/pages"}],"about":[{"href":"https:\/\/dev.steam.eus\/es\/wp-json\/wp\/v2\/types\/page"}],"author":[{"embeddable":true,"href":"https:\/\/dev.steam.eus\/es\/wp-json\/wp\/v2\/users\/1"}],"replies":[{"embeddable":true,"href":"https:\/\/dev.steam.eus\/es\/wp-json\/wp\/v2\/comments?post=2"}],"version-history":[{"count":156,"href":"https:\/\/dev.steam.eus\/es\/wp-json\/wp\/v2\/pages\/2\/revisions"}],"predecessor-version":[{"id":10493,"href":"https:\/\/dev.steam.eus\/es\/wp-json\/wp\/v2\/pages\/2\/revisions\/10493"}],"wp:attachment":[{"href":"https:\/\/dev.steam.eus\/es\/wp-json\/wp\/v2\/media?parent=2"}],"curies":[{"name":"wp","href":"https:\/\/api.w.org\/{rel}","templated":true}]}}