{"id":1754,"date":"2020-06-16T17:55:26","date_gmt":"2020-06-16T17:55:26","guid":{"rendered":"http:\/\/steam.eus\/?page_id=1754"},"modified":"2024-05-22T15:10:08","modified_gmt":"2024-05-22T15:10:08","slug":"steam-sare-conectando-colegios-y-empresas","status":"publish","type":"page","link":"https:\/\/dev.steam.eus\/es\/steam-sare-conectando-colegios-y-empresas\/","title":{"rendered":"Red STEAM Sare"},"content":{"rendered":"<section class=\"l-section wpb_row height_large color_primary\"><div class=\"l-section-overlay\" style=\"background:rgba(0,0,0,0.45)\"><\/div><div class=\"l-section-h i-cf\"><div class=\"g-cols via_flex valign_middle type_default\"><div class=\"vc_col-sm-12 wpb_column vc_column_container\"><div class=\"vc_column-inner\"><div class=\"wpb_wrapper\"><h1 class=\"w-post-elm post_title align_center entry-title color_link_inherit\">Red STEAM Sare<\/h1><\/div><\/div><\/div><\/div><\/div><\/section><section class=\"l-section wpb_row height_small\"><div class=\"l-section-h i-cf\"><div class=\"g-cols via_flex valign_top type_default\"><div class=\"vc_col-sm-12 wpb_column vc_column_container has_bg_color\"><div class=\"vc_column-inner us_custom_7a72ce8f\"><div class=\"wpb_wrapper\"><div class=\"wpb_text_column\"><div class=\"wpb_wrapper\"><h2>STEAM Sare: conectando colegios y empresas<\/h2>\n<p><strong>STEAM Sare<\/strong> es una red de centros educativos de secundaria y agentes socioecon\u00f3micos (empresas, universidades, centros tecnol\u00f3gicos y otras entidades con profesionales STEM) que trabajan conjuntamente para:<\/p>\n<ol>\n<li>Ofrecer a los y las j\u00f3venes una imagen realista, positiva y diversa de las materias y profesiones STEM.<\/li>\n<li>Inspirar vocaciones y aspiraciones profesionales en el \u00e1mbito STEM, con especial atenci\u00f3n a las alumnas.<\/li>\n<\/ol>\n<\/div><\/div><\/div><\/div><\/div><\/div><\/div><\/section><section class=\"l-section wpb_row height_small\"><div class=\"l-section-h i-cf\"><div class=\"g-cols via_flex valign_top type_default\"><div class=\"vc_col-sm-12 wpb_column vc_column_container\"><div class=\"vc_column-inner\"><div class=\"wpb_wrapper\"><div class=\"g-cols wpb_row via_flex valign_top type_default\"><div class=\"vc_col-sm-4 wpb_column vc_column_container\"><div class=\"vc_column-inner\"><div class=\"wpb_wrapper\"><div class=\"w-ibanner banner5 animation_phorcys ratio_3x2 easing_ease\"><div class=\"w-ibanner-h\"><div class=\"w-ibanner-image\" style=\"background-image: url(https:\/\/dev.steam.eus\/wp-content\/uploads\/banners-steam-sare03.jpg)\"><\/div><div class=\"w-ibanner-content\"><div class=\"w-ibanner-content-h\"><h3 class=\"w-ibanner-title\">\u00bfC\u00f3mo adherirse?<\/h3><div class=\"w-ibanner-desc\"><\/div><\/div><\/div><\/div><a title=\"STEAM Sare: \u00bfC\u00f3mo adherirse?\" target=\"_blank\" href=\"https:\/\/steam.eus\/es\/steam-sare-conectando-colegios-y-empresas\/steam-sare-como-adherirse-2\/\" rel=\"noopener\" aria-label=\"\u00bfC\u00f3mo adherirse?\"><\/a><\/div><\/div><\/div><\/div><div class=\"vc_col-sm-4 wpb_column vc_column_container\"><div class=\"vc_column-inner\"><div class=\"wpb_wrapper\"><div class=\"w-ibanner banner5 animation_phorcys ratio_3x2 easing_ease\"><div class=\"w-ibanner-h\"><div class=\"w-ibanner-image\" style=\"background-image: url(https:\/\/dev.steam.eus\/wp-content\/uploads\/banners-steam-sare05.jpg)\"><\/div><div class=\"w-ibanner-content\"><div class=\"w-ibanner-content-h\"><h3 class=\"w-ibanner-title\">Entidades participantes<\/h3><div class=\"w-ibanner-desc\"><\/div><\/div><\/div><\/div><a title=\"STEAM Sare: Participantes\" target=\"_blank\" href=\"https:\/\/steam.eus\/es\/steam-sare-conectando-colegios-y-empresas\/steam-sare-participantes\/\" rel=\"noopener\" aria-label=\"Entidades participantes\"><\/a><\/div><\/div><\/div><\/div><div class=\"vc_col-sm-4 wpb_column vc_column_container\"><div class=\"vc_column-inner\"><div class=\"wpb_wrapper\"><div class=\"w-ibanner banner5 animation_phorcys ratio_3x2 easing_ease\"><div class=\"w-ibanner-h\"><div class=\"w-ibanner-image\" style=\"background-image: url(https:\/\/dev.steam.eus\/wp-content\/uploads\/banners-steam-sare06.jpg)\"><\/div><div class=\"w-ibanner-content\"><div class=\"w-ibanner-content-h\"><h3 class=\"w-ibanner-title\">\u00bfC\u00f3mo puedo participar en la red?<\/h3><div class=\"w-ibanner-desc\"><\/div><\/div><\/div><\/div><a title=\"\u00bfC\u00f3mo puedo participar en la red?\" target=\"_blank\" href=\"https:\/\/steam.eus\/es\/steam-sare-conectando-colegios-y-empresas\/como-puedo-participar-en-la-red\/\" rel=\"noopener\" aria-label=\"\u00bfC\u00f3mo puedo participar en la red?\"><\/a><\/div><\/div><\/div><\/div><\/div><\/div><\/div><\/div><\/div><\/div><\/section>\n","protected":false},"excerpt":{"rendered":"Red STEAM SareSTEAM Sare: conectando colegios y empresas STEAM Sare es una red de centros educativos de secundaria y agentes socioecon\u00f3micos (empresas, universidades, centros tecnol\u00f3gicos y otras entidades con profesionales STEM) que trabajan conjuntamente para: Ofrecer a los y las j\u00f3venes una imagen realista, positiva y diversa de las materias y profesiones STEM. Inspirar vocaciones...","protected":false},"author":1,"featured_media":9788,"parent":0,"menu_order":5,"comment_status":"closed","ping_status":"closed","template":"","meta":{"_acf_changed":false,"footnotes":""},"class_list":["post-1754","page","type-page","status-publish","has-post-thumbnail","hentry"],"acf":[],"yoast_head":"<!-- This site is optimized with the Yoast SEO plugin v24.9 - https:\/\/yoast.com\/wordpress\/plugins\/seo\/ -->\n<title>Red STEAM Sare - Steam Euskadi<\/title>\n<meta name=\"robots\" content=\"index, follow, max-snippet:-1, max-image-preview:large, max-video-preview:-1\" \/>\n<link rel=\"canonical\" href=\"https:\/\/dev.steam.eus\/es\/steam-sare-conectando-colegios-y-empresas\/\" \/>\n<meta property=\"og:locale\" content=\"es_ES\" \/>\n<meta property=\"og:type\" content=\"article\" \/>\n<meta property=\"og:title\" content=\"Red STEAM Sare - Steam Euskadi\" \/>\n<meta property=\"og:url\" content=\"https:\/\/dev.steam.eus\/es\/steam-sare-conectando-colegios-y-empresas\/\" \/>\n<meta property=\"og:site_name\" content=\"Steam Euskadi\" \/>\n<meta property=\"article:modified_time\" content=\"2024-05-22T15:10:08+00:00\" \/>\n<meta property=\"og:image\" content=\"https:\/\/dev.steam.eus\/wp-content\/uploads\/cabeceras-red.jpg\" \/>\n\t<meta property=\"og:image:width\" content=\"1850\" \/>\n\t<meta property=\"og:image:height\" content=\"650\" \/>\n\t<meta property=\"og:image:type\" content=\"image\/jpeg\" \/>\n<meta name=\"twitter:card\" content=\"summary_large_image\" \/>\n<meta name=\"twitter:label1\" content=\"Tiempo de lectura\" \/>\n\t<meta name=\"twitter:data1\" content=\"1 minuto\" \/>\n<script type=\"application\/ld+json\" class=\"yoast-schema-graph\">{\"@context\":\"https:\/\/schema.org\",\"@graph\":[{\"@type\":\"WebPage\",\"@id\":\"https:\/\/dev.steam.eus\/es\/steam-sare-conectando-colegios-y-empresas\/\",\"url\":\"https:\/\/dev.steam.eus\/es\/steam-sare-conectando-colegios-y-empresas\/\",\"name\":\"Red STEAM Sare - Steam Euskadi\",\"isPartOf\":{\"@id\":\"https:\/\/dev.steam.eus\/es\/#website\"},\"primaryImageOfPage\":{\"@id\":\"https:\/\/dev.steam.eus\/es\/steam-sare-conectando-colegios-y-empresas\/#primaryimage\"},\"image\":{\"@id\":\"https:\/\/dev.steam.eus\/es\/steam-sare-conectando-colegios-y-empresas\/#primaryimage\"},\"thumbnailUrl\":\"https:\/\/dev.steam.eus\/wp-content\/uploads\/cabeceras-red.jpg\",\"datePublished\":\"2020-06-16T17:55:26+00:00\",\"dateModified\":\"2024-05-22T15:10:08+00:00\",\"inLanguage\":\"es\",\"potentialAction\":[{\"@type\":\"ReadAction\",\"target\":[\"https:\/\/dev.steam.eus\/es\/steam-sare-conectando-colegios-y-empresas\/\"]}]},{\"@type\":\"ImageObject\",\"inLanguage\":\"es\",\"@id\":\"https:\/\/dev.steam.eus\/es\/steam-sare-conectando-colegios-y-empresas\/#primaryimage\",\"url\":\"https:\/\/dev.steam.eus\/wp-content\/uploads\/cabeceras-red.jpg\",\"contentUrl\":\"https:\/\/dev.steam.eus\/wp-content\/uploads\/cabeceras-red.jpg\",\"width\":1850,\"height\":650},{\"@type\":\"WebSite\",\"@id\":\"https:\/\/dev.steam.eus\/es\/#website\",\"url\":\"https:\/\/dev.steam.eus\/es\/\",\"name\":\"Steam Euskadi\",\"description\":\"\",\"potentialAction\":[{\"@type\":\"SearchAction\",\"target\":{\"@type\":\"EntryPoint\",\"urlTemplate\":\"https:\/\/dev.steam.eus\/es\/?s={search_term_string}\"},\"query-input\":{\"@type\":\"PropertyValueSpecification\",\"valueRequired\":true,\"valueName\":\"search_term_string\"}}],\"inLanguage\":\"es\"}]}<\/script>\n<!-- \/ Yoast SEO plugin. -->","yoast_head_json":{"title":"Red STEAM Sare - Steam Euskadi","robots":{"index":"index","follow":"follow","max-snippet":"max-snippet:-1","max-image-preview":"max-image-preview:large","max-video-preview":"max-video-preview:-1"},"canonical":"https:\/\/dev.steam.eus\/es\/steam-sare-conectando-colegios-y-empresas\/","og_locale":"es_ES","og_type":"article","og_title":"Red STEAM Sare - Steam Euskadi","og_url":"https:\/\/dev.steam.eus\/es\/steam-sare-conectando-colegios-y-empresas\/","og_site_name":"Steam Euskadi","article_modified_time":"2024-05-22T15:10:08+00:00","og_image":[{"width":1850,"height":650,"url":"https:\/\/dev.steam.eus\/wp-content\/uploads\/cabeceras-red.jpg","type":"image\/jpeg"}],"twitter_card":"summary_large_image","twitter_misc":{"Tiempo de lectura":"1 minuto"},"schema":{"@context":"https:\/\/schema.org","@graph":[{"@type":"WebPage","@id":"https:\/\/dev.steam.eus\/es\/steam-sare-conectando-colegios-y-empresas\/","url":"https:\/\/dev.steam.eus\/es\/steam-sare-conectando-colegios-y-empresas\/","name":"Red STEAM Sare - Steam Euskadi","isPartOf":{"@id":"https:\/\/dev.steam.eus\/es\/#website"},"primaryImageOfPage":{"@id":"https:\/\/dev.steam.eus\/es\/steam-sare-conectando-colegios-y-empresas\/#primaryimage"},"image":{"@id":"https:\/\/dev.steam.eus\/es\/steam-sare-conectando-colegios-y-empresas\/#primaryimage"},"thumbnailUrl":"https:\/\/dev.steam.eus\/wp-content\/uploads\/cabeceras-red.jpg","datePublished":"2020-06-16T17:55:26+00:00","dateModified":"2024-05-22T15:10:08+00:00","inLanguage":"es","potentialAction":[{"@type":"ReadAction","target":["https:\/\/dev.steam.eus\/es\/steam-sare-conectando-colegios-y-empresas\/"]}]},{"@type":"ImageObject","inLanguage":"es","@id":"https:\/\/dev.steam.eus\/es\/steam-sare-conectando-colegios-y-empresas\/#primaryimage","url":"https:\/\/dev.steam.eus\/wp-content\/uploads\/cabeceras-red.jpg","contentUrl":"https:\/\/dev.steam.eus\/wp-content\/uploads\/cabeceras-red.jpg","width":1850,"height":650},{"@type":"WebSite","@id":"https:\/\/dev.steam.eus\/es\/#website","url":"https:\/\/dev.steam.eus\/es\/","name":"Steam Euskadi","description":"","potentialAction":[{"@type":"SearchAction","target":{"@type":"EntryPoint","urlTemplate":"https:\/\/dev.steam.eus\/es\/?s={search_term_string}"},"query-input":{"@type":"PropertyValueSpecification","valueRequired":true,"valueName":"search_term_string"}}],"inLanguage":"es"}]}},"_links":{"self":[{"href":"https:\/\/dev.steam.eus\/es\/wp-json\/wp\/v2\/pages\/1754","targetHints":{"allow":["GET"]}}],"collection":[{"href":"https:\/\/dev.steam.eus\/es\/wp-json\/wp\/v2\/pages"}],"about":[{"href":"https:\/\/dev.steam.eus\/es\/wp-json\/wp\/v2\/types\/page"}],"author":[{"embeddable":true,"href":"https:\/\/dev.steam.eus\/es\/wp-json\/wp\/v2\/users\/1"}],"replies":[{"embeddable":true,"href":"https:\/\/dev.steam.eus\/es\/wp-json\/wp\/v2\/comments?post=1754"}],"version-history":[{"count":328,"href":"https:\/\/dev.steam.eus\/es\/wp-json\/wp\/v2\/pages\/1754\/revisions"}],"predecessor-version":[{"id":9712,"href":"https:\/\/dev.steam.eus\/es\/wp-json\/wp\/v2\/pages\/1754\/revisions\/9712"}],"wp:featuredmedia":[{"embeddable":true,"href":"https:\/\/dev.steam.eus\/es\/wp-json\/wp\/v2\/media\/9788"}],"wp:attachment":[{"href":"https:\/\/dev.steam.eus\/es\/wp-json\/wp\/v2\/media?parent=1754"}],"curies":[{"name":"wp","href":"https:\/\/api.w.org\/{rel}","templated":true}]}}